{"id":3108,"date":"2025-01-18T21:43:37","date_gmt":"2025-01-18T20:43:37","guid":{"rendered":"https:\/\/www.destilerias-sinc.com\/passwort-zuruecksetzen\/"},"modified":"2026-03-26T10:50:26","modified_gmt":"2026-03-26T09:50:26","slug":"passwort-zuruecksetzen","status":"publish","type":"page","link":"https:\/\/www.destilerias-sinc.com\/de\/passwort-zuruecksetzen\/","title":{"rendered":"Passwort zur\u00fccksetzen"},"content":{"rendered":"<div class=\"um um-password um-um_password_id\">\n\t<div class=\"um-form\">\n\t\t<form method=\"post\" action=\"\">\n\t\t\t\n\t\t\t\t<input type=\"hidden\" name=\"_um_password_reset\" id=\"_um_password_reset\" value=\"1\" \/>\n\n\t\t\t\t\t\t\t\t\t<div class=\"um-field um-field-block um-field-type_block\">\n\t\t\t\t\t\t<div class=\"um-field-block\">\n\t\t\t\t\t\t\t<div style=\"text-align:center;\">\n\t\t\t\t\t\t\t\tUm dein Passwort zur\u00fcckzusetzen, gib bitte unten deine E-Mail-Adresse oder deinen Benutzernamen ein.\t\t\t\t\t\t\t<\/div>\n\t\t\t\t\t\t<\/div>\n\t\t\t\t\t<\/div>\n\t\t\t\t\t<div  id=\"um_field_0_username_b\" class=\"um-field um-field-text  um-field-username_b um-field-text um-field-type_text\" data-key=\"username_b\"><div class=\"um-field-area\"><input  autocomplete=\"off\" class=\"um-form-field valid \" type=\"text\" name=\"username_b\" id=\"username_b\" value=\"\" placeholder=\"Gib deinen Benutzernamen oder deine E-Mail-Adresse ein\" data-validate=\"\" data-key=\"username_b\"  aria-invalid=\"false\" \/>\n\n\t\t\t\t\t\t<\/div><\/div>\t\t\t\t<div class=\"um-col-alt um-col-alt-b\">\n\t\t\t\t\t<div class=\"um-center\">\n\t\t\t\t\t\t<input type=\"submit\" value=\"Passwort zur\u00fccksetzen\" class=\"um-button\" id=\"um-submit-btn\" \/>\n\t\t\t\t\t<\/div>\n\t\t\t\t\t<div class=\"um-clear\"><\/div>\n\t\t\t\t<\/div>\n\t\t\t\t\t<input type=\"hidden\" name=\"form_id\" id=\"form_id_um_password_id\" value=\"um_password_id\" \/>\n\t\t<p class=\"um_request_name\">\n\t\t<label for=\"um_request_um_password_id\">Only fill in if you are not human<\/label>\n\t\t<input type=\"hidden\" name=\"um_request\" id=\"um_request_um_password_id\" class=\"input\" value=\"\" size=\"25\" autocomplete=\"off\" \/>\n\t<\/p>\n\t\t\t<\/form>\n\t<\/div>\n<\/div>\n<style>\n\t\t\t.um-um_password_id.um {\n\t\t\tmax-width: 450px;\n\t\t}\n\t\t<\/style>\n\n","protected":false},"excerpt":{"rendered":"","protected":false},"author":81,"featured_media":0,"parent":0,"menu_order":0,"comment_status":"closed","ping_status":"closed","template":"","meta":{"footnotes":""},"class_list":["post-3108","page","type-page","status-publish","hentry"],"yoast_head":"<!-- This site is optimized with the Yoast SEO plugin v27.3 - https:\/\/yoast.com\/product\/yoast-seo-wordpress\/ -->\n<title>Passwort zur\u00fccksetzen - Destiler\u00edas SINC<\/title>\n<meta name=\"description\" content=\"Passwort bei Destiler\u00edas Sinc vergessen? Setzen Sie hier Ihr Passwort sicher zur\u00fcck und erhalten Sie sofort wieder Zugriff auf Ihr Konto und Ihre Bestellungen.\" \/>\n<meta name=\"robots\" content=\"index, follow, max-snippet:-1, max-image-preview:large, max-video-preview:-1\" \/>\n<link rel=\"canonical\" href=\"https:\/\/www.destilerias-sinc.com\/de\/passwort-zuruecksetzen\/\" \/>\n<meta property=\"og:locale\" content=\"de_DE\" \/>\n<meta property=\"og:type\" content=\"article\" \/>\n<meta property=\"og:title\" content=\"Passwort zur\u00fccksetzen - Destiler\u00edas SINC\" \/>\n<meta property=\"og:description\" content=\"Passwort bei Destiler\u00edas Sinc vergessen? Setzen Sie hier Ihr Passwort sicher zur\u00fcck und erhalten Sie sofort wieder Zugriff auf Ihr Konto und Ihre Bestellungen.\" \/>\n<meta property=\"og:url\" content=\"https:\/\/www.destilerias-sinc.com\/de\/passwort-zuruecksetzen\/\" \/>\n<meta property=\"og:site_name\" content=\"Destiler\u00edas SINC\" \/>\n<meta property=\"article:modified_time\" content=\"2026-03-26T09:50:26+00:00\" \/>\n<meta name=\"twitter:card\" content=\"summary_large_image\" \/>\n<meta name=\"twitter:label1\" content=\"Gesch\u00e4tzte Lesezeit\" \/>\n\t<meta name=\"twitter:data1\" content=\"1\u00a0Minute\" \/>\n<script type=\"application\/ld+json\" class=\"yoast-schema-graph\">{\"@context\":\"https:\\\/\\\/schema.org\",\"@graph\":[{\"@type\":\"WebPage\",\"@id\":\"https:\\\/\\\/www.destilerias-sinc.com\\\/de\\\/passwort-zuruecksetzen\\\/\",\"url\":\"https:\\\/\\\/www.destilerias-sinc.com\\\/de\\\/passwort-zuruecksetzen\\\/\",\"name\":\"Passwort zur\u00fccksetzen - Destiler\u00edas SINC\",\"isPartOf\":{\"@id\":\"https:\\\/\\\/www.destilerias-sinc.com\\\/de\\\/#website\"},\"datePublished\":\"2025-01-18T20:43:37+00:00\",\"dateModified\":\"2026-03-26T09:50:26+00:00\",\"description\":\"Passwort bei Destiler\u00edas Sinc vergessen? Setzen Sie hier Ihr Passwort sicher zur\u00fcck und erhalten Sie sofort wieder Zugriff auf Ihr Konto und Ihre Bestellungen.\",\"breadcrumb\":{\"@id\":\"https:\\\/\\\/www.destilerias-sinc.com\\\/de\\\/passwort-zuruecksetzen\\\/#breadcrumb\"},\"inLanguage\":\"de\",\"potentialAction\":[{\"@type\":\"ReadAction\",\"target\":[\"https:\\\/\\\/www.destilerias-sinc.com\\\/de\\\/passwort-zuruecksetzen\\\/\"]}]},{\"@type\":\"BreadcrumbList\",\"@id\":\"https:\\\/\\\/www.destilerias-sinc.com\\\/de\\\/passwort-zuruecksetzen\\\/#breadcrumb\",\"itemListElement\":[{\"@type\":\"ListItem\",\"position\":1,\"name\":\"Portada\",\"item\":\"https:\\\/\\\/www.destilerias-sinc.com\\\/de\\\/\"},{\"@type\":\"ListItem\",\"position\":2,\"name\":\"Passwort zur\u00fccksetzen\"}]},{\"@type\":\"WebSite\",\"@id\":\"https:\\\/\\\/www.destilerias-sinc.com\\\/de\\\/#website\",\"url\":\"https:\\\/\\\/www.destilerias-sinc.com\\\/de\\\/\",\"name\":\"Destiler\u00edas SINC\",\"description\":\"M\u00e1s que licores, construimos momentos\",\"publisher\":{\"@id\":\"https:\\\/\\\/www.destilerias-sinc.com\\\/de\\\/#organization\"},\"potentialAction\":[{\"@type\":\"SearchAction\",\"target\":{\"@type\":\"EntryPoint\",\"urlTemplate\":\"https:\\\/\\\/www.destilerias-sinc.com\\\/de\\\/?s={search_term_string}\"},\"query-input\":{\"@type\":\"PropertyValueSpecification\",\"valueRequired\":true,\"valueName\":\"search_term_string\"}}],\"inLanguage\":\"de\"},{\"@type\":\"Organization\",\"@id\":\"https:\\\/\\\/www.destilerias-sinc.com\\\/de\\\/#organization\",\"name\":\"Destiler\u00edas SINC\",\"url\":\"https:\\\/\\\/www.destilerias-sinc.com\\\/de\\\/\",\"logo\":{\"@type\":\"ImageObject\",\"inLanguage\":\"de\",\"@id\":\"https:\\\/\\\/www.destilerias-sinc.com\\\/de\\\/#\\\/schema\\\/logo\\\/image\\\/\",\"url\":\"https:\\\/\\\/www.destilerias-sinc.com\\\/wp-content\\\/uploads\\\/logo.svg\",\"contentUrl\":\"https:\\\/\\\/www.destilerias-sinc.com\\\/wp-content\\\/uploads\\\/logo.svg\",\"width\":254.85,\"height\":104.76,\"caption\":\"Destiler\u00edas SINC\"},\"image\":{\"@id\":\"https:\\\/\\\/www.destilerias-sinc.com\\\/de\\\/#\\\/schema\\\/logo\\\/image\\\/\"}}]}<\/script>\n<!-- \/ Yoast SEO plugin. -->","yoast_head_json":{"title":"Passwort zur\u00fccksetzen - Destiler\u00edas SINC","description":"Passwort bei Destiler\u00edas Sinc vergessen? Setzen Sie hier Ihr Passwort sicher zur\u00fcck und erhalten Sie sofort wieder Zugriff auf Ihr Konto und Ihre Bestellungen.","robots":{"index":"index","follow":"follow","max-snippet":"max-snippet:-1","max-image-preview":"max-image-preview:large","max-video-preview":"max-video-preview:-1"},"canonical":"https:\/\/www.destilerias-sinc.com\/de\/passwort-zuruecksetzen\/","og_locale":"de_DE","og_type":"article","og_title":"Passwort zur\u00fccksetzen - Destiler\u00edas SINC","og_description":"Passwort bei Destiler\u00edas Sinc vergessen? Setzen Sie hier Ihr Passwort sicher zur\u00fcck und erhalten Sie sofort wieder Zugriff auf Ihr Konto und Ihre Bestellungen.","og_url":"https:\/\/www.destilerias-sinc.com\/de\/passwort-zuruecksetzen\/","og_site_name":"Destiler\u00edas SINC","article_modified_time":"2026-03-26T09:50:26+00:00","twitter_card":"summary_large_image","twitter_misc":{"Gesch\u00e4tzte Lesezeit":"1\u00a0Minute"},"schema":{"@context":"https:\/\/schema.org","@graph":[{"@type":"WebPage","@id":"https:\/\/www.destilerias-sinc.com\/de\/passwort-zuruecksetzen\/","url":"https:\/\/www.destilerias-sinc.com\/de\/passwort-zuruecksetzen\/","name":"Passwort zur\u00fccksetzen - Destiler\u00edas SINC","isPartOf":{"@id":"https:\/\/www.destilerias-sinc.com\/de\/#website"},"datePublished":"2025-01-18T20:43:37+00:00","dateModified":"2026-03-26T09:50:26+00:00","description":"Passwort bei Destiler\u00edas Sinc vergessen? Setzen Sie hier Ihr Passwort sicher zur\u00fcck und erhalten Sie sofort wieder Zugriff auf Ihr Konto und Ihre Bestellungen.","breadcrumb":{"@id":"https:\/\/www.destilerias-sinc.com\/de\/passwort-zuruecksetzen\/#breadcrumb"},"inLanguage":"de","potentialAction":[{"@type":"ReadAction","target":["https:\/\/www.destilerias-sinc.com\/de\/passwort-zuruecksetzen\/"]}]},{"@type":"BreadcrumbList","@id":"https:\/\/www.destilerias-sinc.com\/de\/passwort-zuruecksetzen\/#breadcrumb","itemListElement":[{"@type":"ListItem","position":1,"name":"Portada","item":"https:\/\/www.destilerias-sinc.com\/de\/"},{"@type":"ListItem","position":2,"name":"Passwort zur\u00fccksetzen"}]},{"@type":"WebSite","@id":"https:\/\/www.destilerias-sinc.com\/de\/#website","url":"https:\/\/www.destilerias-sinc.com\/de\/","name":"Destiler\u00edas SINC","description":"M\u00e1s que licores, construimos momentos","publisher":{"@id":"https:\/\/www.destilerias-sinc.com\/de\/#organization"},"potentialAction":[{"@type":"SearchAction","target":{"@type":"EntryPoint","urlTemplate":"https:\/\/www.destilerias-sinc.com\/de\/?s={search_term_string}"},"query-input":{"@type":"PropertyValueSpecification","valueRequired":true,"valueName":"search_term_string"}}],"inLanguage":"de"},{"@type":"Organization","@id":"https:\/\/www.destilerias-sinc.com\/de\/#organization","name":"Destiler\u00edas SINC","url":"https:\/\/www.destilerias-sinc.com\/de\/","logo":{"@type":"ImageObject","inLanguage":"de","@id":"https:\/\/www.destilerias-sinc.com\/de\/#\/schema\/logo\/image\/","url":"https:\/\/www.destilerias-sinc.com\/wp-content\/uploads\/logo.svg","contentUrl":"https:\/\/www.destilerias-sinc.com\/wp-content\/uploads\/logo.svg","width":254.85,"height":104.76,"caption":"Destiler\u00edas SINC"},"image":{"@id":"https:\/\/www.destilerias-sinc.com\/de\/#\/schema\/logo\/image\/"}}]}},"_links":{"self":[{"href":"https:\/\/www.destilerias-sinc.com\/de\/wp-json\/wp\/v2\/pages\/3108","targetHints":{"allow":["GET"]}}],"collection":[{"href":"https:\/\/www.destilerias-sinc.com\/de\/wp-json\/wp\/v2\/pages"}],"about":[{"href":"https:\/\/www.destilerias-sinc.com\/de\/wp-json\/wp\/v2\/types\/page"}],"author":[{"embeddable":true,"href":"https:\/\/www.destilerias-sinc.com\/de\/wp-json\/wp\/v2\/users\/81"}],"replies":[{"embeddable":true,"href":"https:\/\/www.destilerias-sinc.com\/de\/wp-json\/wp\/v2\/comments?post=3108"}],"version-history":[{"count":1,"href":"https:\/\/www.destilerias-sinc.com\/de\/wp-json\/wp\/v2\/pages\/3108\/revisions"}],"predecessor-version":[{"id":3734,"href":"https:\/\/www.destilerias-sinc.com\/de\/wp-json\/wp\/v2\/pages\/3108\/revisions\/3734"}],"wp:attachment":[{"href":"https:\/\/www.destilerias-sinc.com\/de\/wp-json\/wp\/v2\/media?parent=3108"}],"curies":[{"name":"wp","href":"https:\/\/api.w.org\/{rel}","templated":true}]}}