{"id":3178,"date":"2025-02-21T22:30:40","date_gmt":"2025-02-21T21:30:40","guid":{"rendered":"https:\/\/www.destilerias-sinc.com\/allgemeine-einkaufsbedingungen\/"},"modified":"2026-03-26T10:33:04","modified_gmt":"2026-03-26T09:33:04","slug":"allgemeine-einkaufsbedingungen","status":"publish","type":"page","link":"https:\/\/www.destilerias-sinc.com\/de\/allgemeine-einkaufsbedingungen\/","title":{"rendered":"Allgemeine Einkaufsbedingungen"},"content":{"rendered":"\r\n<p>&nbsp;<\/p>\r\n\r\n\r\n\r\n<p>https:\/\/www.tiendalicoressinc.com (im Folgenden: die Webseite) ist eine Webseite im Eigentum von LICORES SINC, S.A (im Folgenden: DER EIGENT\u00dcMER) mit der Steueridentifikationsnummer (CIF\/NIF) Nr.: A03011137 und dem Gesellschaftssitz in: C\/ C Parcela, 3. Pol. Ind. Cotes Baixes, PLZ 03804 &#8211; Alcoy (Alicante).<\/p>\r\n\r\n\r\n\r\n<p>Der Zugriff, die Wiedergabe und die Nutzung der Dienste der Webseite erfordern die vorherige Annahme der jeweils geltenden Nutzungsbedingungen; DER EIGENT\u00dcMER beh\u00e4lt sich das Recht vor, diese Bedingungen nach eigenem Ermessen zu \u00e4ndern, indem der neue Text auf der Webseite ver\u00f6ffentlicht wird.<\/p>\r\n\r\n\r\n\r\n<p>Es liegt in der Verantwortung des Nutzers, die Nutzungsbedingungen vor dem Zugriff auf die Produkte und Dienstleistungen der Webseite zur Kenntnis zu nehmen; sollten Sie mit diesen nicht einverstanden sein, bitten wir Sie, von deren Nutzung abzusehen.<\/p>\r\n\r\n\r\n\r\n<h3 class=\"wp-block-heading\">EIGENTUM<\/h3>\r\n\r\n\r\n\r\n<p>Die Webseite ist ein aus verschiedenen integrierten und untrennbaren Elementen zusammengesetztes Werk (Texte, Illustrationen, Fotografien, animierte Bilder, Videos, Computerprogramme, einschlie\u00dflich der HTML-Codes der Webseite usw.), dessen geistiges Eigentum DEM EIGENT\u00dcMER entspricht, mit Ausnahme jener Materialien, die unter der Lizenz von Dritten erworben wurden.<\/p>\r\n\r\n\r\n\r\n<p>DER EIGENT\u00dcMER und seine Lizenzgeber behalten jederzeit das geistige Eigentum an der Webseite und an den einzelnen Elementen, aus denen sie sich zusammensetzt, in allen angefertigten Kopien (unabh\u00e4ngig vom Tr\u00e4germedium, auf dem sie verk\u00f6rpert sind) und gew\u00e4hren an diesen lediglich die im Folgenden beschriebenen Nutzungsrechte. Jedes Recht, das nicht ausdr\u00fccklich abgetreten wird, gilt als vorbehalten.<\/p>\r\n\r\n\r\n\r\n<p>Dar\u00fcber hinaus ist DER EIGENT\u00dcMER f\u00fcr die Auswahl, das Strukturdesign und die Anordnung der Inhalte der Webseite verantwortlich sowie derjenige, der die Initiative ergriffen und das Risiko der erheblichen Investitionen \u00fcbernommen hat, die auf die Beschaffung, Digitalisierung und Pr\u00e4sentation derselben ausgerichtet sind; ihm steht daher der Schutz zu, den Artikel 12 und Titel VIII des Buches II des Gesetzes \u00fcber geistiges Eigentum (Ley de Propiedad Intelectual) der Webseite in ihrer Eigenschaft als Datenbank gew\u00e4hren k\u00f6nnen.<\/p>\r\n\r\n\r\n\r\n<p>DER EIGENT\u00dcMER ist zudem der alleinige Inhaber des Designs und des grafischen Erscheinungsbildes der Webseite; er beh\u00e4lt sich die entsprechenden rechtlichen Schritte vor, die ihm gegen Personen zustehen k\u00f6nnten, die Nachahmungen oder unlautere Nutzungen davon vornehmen.<\/p>\r\n\r\n\r\n\r\n<h3 class=\"wp-block-heading\">WEBINHALTE UND DOWNLOADS. ERLAUBTE UND UNTERSAGTE NUTZUNG.<\/h3>\r\n\r\n\r\n\r\n<p><strong>Gestattet ist:<\/strong><\/p>\r\n\r\n\r\n\r\n<ul class=\"wp-block-list\">\r\n<li>Das Durchsuchen der Webseite, d. h. der Zugriff auf diese und deren Anzeige auf einem Ger\u00e4t, wobei jede vor\u00fcbergehende oder erg\u00e4nzende Vervielf\u00e4ltigung gestattet ist, sofern diese nicht absichtlich erfolgt und einen integralen und wesentlichen Bestandteil des technologischen \u00dcbertragungsprozesses bildet. Das Durchsuchen bestimmter Abschnitte der Webseite erfordert eine vorherige Registrierung.<\/li>\r\n\r\n\r\n\r\n<li>Die Inanspruchnahme (nach vorheriger Registrierung) der vom EIGENT\u00dcMER \u00fcber die Webseite f\u00fcr seine Nutzer angebotenen Dienste und Vorteile zu den in den verschiedenen Abschnitten ausdr\u00fccklich angegebenen Bedingungen.<\/li>\r\n<\/ul>\r\n\r\n\r\n\r\n<p><strong>Untersagt ist ausdr\u00fccklich:<\/strong><\/p>\r\n\r\n\r\n\r\n<ul class=\"wp-block-list\">\r\n<li>S\u00e4mtliche Vorg\u00e4nge in Bezug auf die Webseite, ihre Inhalte, die heruntergeladenen Produkte und deren Kopien, die gegen das Gesetz, die guten Sitten und den guten Glauben versto\u00dfen.<\/li>\r\n\r\n\r\n\r\n<li>Jede Nutzung au\u00dferhalb des pers\u00f6nlichen und privaten Rahmens, insbesondere solche zu gewerblichen oder beruflichen Zwecken, einschlie\u00dflich des Versands von Werbung oder Nachrichten sowie der Erhebung und Verarbeitung von Daten Dritter.<\/li>\r\n\r\n\r\n\r\n<li>Jede Art der Extraktion, \u00f6ffentlichen Wiedergabe und\/oder \u00dcbertragung, ganz oder teilweise, mit welchen Mitteln auch immer, au\u00dferhalb des privaten Bereichs der erlaubten Nutzung und insbesondere deren Aufnahme in ein anderes Werk, einschlie\u00dflich Webseiten, Sammlungen oder Datenbanken. Von diesem Verbot ausgenommen ist die Ver\u00f6ffentlichung von herunterladbaren Materialien aus dem Bereich \u201ePressebereich\u201c in den Medien.<\/li>\r\n\r\n\r\n\r\n<li>Das Entfernen, Verbergen oder Verf\u00e4lschen von Hinweisen und Warnungen zu geistigem Eigentum oder gewerblichem Rechtsschutz der Website oder der \u00fcber diese bereitgestellten Produkte.<\/li>\r\n\r\n\r\n\r\n<li>Die Handlungen und Aktivit\u00e4ten, die in anderen Abschnitten dieser Allgemeinen Gesch\u00e4ftsbedingungen ausdr\u00fccklich untersagt sind, sowie generell alle Handlungen, die den ordnungsgem\u00e4\u00dfen Betrieb der Website, andere Nutzer oder Dritte beeintr\u00e4chtigen k\u00f6nnten.<\/li>\r\n<\/ul>\r\n\r\n\r\n\r\n<h3 class=\"wp-block-heading\">VERLINKUNGEN ZUR WEBSITE<\/h3>\r\n\r\n\r\n\r\n<p>Das Setzen von Links und Hyperlinks zur Website von anderen Seiten oder Websites aus ist gestattet, sofern dies nicht in einer Weise erfolgt, die das \u00f6ffentliche Ansehen oder die Marke des EIGENT\u00dcMERS, der Website oder der darin genannten Personen und Produkte beeintr\u00e4chtigt. Beim Setzen von Links zur Website ist die Verwendung von Techniken, die zu Unklarheiten \u00fcber die Identit\u00e4t und das Eigentum der Inhalte f\u00fchren, wie etwa Framing oder \u00c4hnliches, ausdr\u00fccklich untersagt.<\/p>\r\n\r\n\r\n\r\n<p>Das Setzen von Links von Seiten oder Websites aus, deren Inhalte direkt oder indirekt jegliche Art von Gewalt, Diskriminierung, Pornografie oder illegale Aktivit\u00e4ten f\u00f6rdern oder verherrlichen, ist untersagt. Ebenso ist das Setzen von Links zu gewerblichen Zwecken ausdr\u00fccklich verboten.<\/p>\r\n\r\n\r\n\r\n<p>Bei der Erstellung von Verlinkungen ist die Verwendung von Elementen, die von der Website stammen, ohne die vorherige ausdr\u00fcckliche Zustimmung des EIGENT\u00dcMERS ausdr\u00fccklich untersagt.<\/p>\r\n\r\n\r\n\r\n<p>In keinem Fall ist davon auszugehen, dass Verlinkungen zur Website von Seiten oder Websites Dritter eine Beziehung des EIGENT\u00dcMERS zu deren Inhabern implizieren, noch stellen sie eine Bef\u00fcrwortung, ein Sponsoring oder eine Empfehlung des EIGENT\u00dcMERS f\u00fcr diese dar. Daher \u00fcbernimmt der EIGENT\u00dcMER keinerlei Haftung f\u00fcr deren Inhalt und Rechtm\u00e4\u00dfigkeit.<\/p>\r\n\r\n\r\n\r\n<h3 class=\"wp-block-heading\">NUTZERINHALTE UND NUTZERVERHALTEN<\/h3>\r\n\r\n\r\n\r\n<p>Als Kunde oder Nutzer der Website verpflichten Sie sich, die \u00fcber diese angebotenen Inhalte und Dienste angemessen zu nutzen und diese nicht zu verwenden f\u00fcr:<\/p>\r\n\r\n\r\n\r\n<ol class=\"wp-block-list\">\r\n<li>Die Beteiligung an ungesetzlichen oder illegalen Aktivit\u00e4ten oder solchen, die gegen Treu und Glauben sowie die \u00f6ffentliche Ordnung versto\u00dfen.<\/li>\r\n\r\n\r\n\r\n<li>Die Verbreitung von Inhalten oder Propaganda mit rassistischem, fremdenfeindlichem oder pornografischem Charakter, die den Terrorismus verherrlichen oder gegen die Menschenrechte versto\u00dfen.<\/li>\r\n\r\n\r\n\r\n<li>Das Verursachen von Sch\u00e4den an den physischen und logischen Systemen des EIGENT\u00dcMERS, seiner Lieferanten oder Dritter sowie das Einf\u00fchren oder Verbreiten von Computerviren oder anderen physischen oder logischen Systemen im Netzwerk, die geeignet sind, die vorgenannten Sch\u00e4den zu verursachen.<\/li>\r\n\r\n\r\n\r\n<li>Die Verbreitung von Inhalten, die das Ansehen und den Ruf des EIGENT\u00dcMERS oder Dritter beeintr\u00e4chtigen.<\/li>\r\n\r\n\r\n\r\n<li>Die Verletzung von Rechten an geistigem Eigentum, gewerblichem Rechtsschutz, Bildrechten, der Ehre oder sonstigen Rechten, die dem EIGENT\u00dcMER oder Dritten zustehen.<\/li>\r\n<\/ol>\r\n\r\n\r\n\r\n<p>DER EIGENT\u00dcMER hat die volle Entscheidungsfreiheit dar\u00fcber, ob Beitr\u00e4ge und Nachrichten letztendlich auf der Website ver\u00f6ffentlicht werden oder nicht, und ist berechtigt, diese zu entfernen, wann immer er dies f\u00fcr angemessen h\u00e4lt.<\/p>\r\n\r\n\r\n\r\n<p>Der Versto\u00df gegen eine der in diesen Nutzungsbedingungen enthaltenen Bestimmungen, insbesondere gegen die in dieser Klausel genannten, berechtigt DEN EIGENT\u00dcMER zur sofortigen Abmeldung Ihrer Registrierung als Nutzer oder Abonnent der Website.<\/p>\r\n\r\n\r\n\r\n<h3 class=\"wp-block-heading\">ZAHLUNGSARTEN<\/h3>\r\n\r\n\r\n\r\n<p>Die im Online-Shop akzeptierten Zahlungsarten sind:<\/p>\r\n\r\n\r\n\r\n<ul class=\"wp-block-list\">\r\n<li>Kreditkarte<\/li>\r\n\r\n\r\n\r\n<li>Bank\u00fcberweisung<\/li>\r\n\r\n\r\n\r\n<li>Paypal<\/li>\r\n<\/ul>\r\n\r\n\r\n\r\n<h3 class=\"wp-block-heading\">VERSANDARTEN<\/h3>\r\n\r\n\r\n\r\n<p>Die im Online-Shop verf\u00fcgbaren Versandarten sind:<\/p>\r\n\r\n\r\n\r\n<ul class=\"wp-block-list\">\r\n<li>Express-Versand<\/li>\r\n\r\n\r\n\r\n<li>Weitere Methoden<\/li>\r\n<\/ul>\r\n\r\n\r\n\r\n<h3 class=\"wp-block-heading\">LIEFERFRISTEN<\/h3>\r\n\r\n\r\n\r\n<p>Die Lieferzeiten f\u00fcr Bestellungen im Onlineshop betragen:<br \/>2 bis 10 Kalendertage.<\/p>\r\n\r\n\r\n\r\n<h3 class=\"wp-block-heading\">WIDERRUF<\/h3>\r\n\r\n\r\n\r\n<p>Gem\u00e4\u00df Artikel 103 des Allgemeinen Gesetzes zum Schutz der Verbraucher und Nutzer ist das Widerrufsrecht aus folgendem Grund ausgeschlossen:<\/p>\r\n\r\n\r\n\r\n<ul class=\"wp-block-list\">\r\n<li>Waren oder Produkte, die nach den Spezifikationen des Verbrauchers angefertigt oder personalisiert wurden.<\/li>\r\n\r\n\r\n\r\n<li>Produkte, bei denen es sich um alkoholische Getr\u00e4nke handelt, deren Preis zum Zeitpunkt des Vertragsabschlusses vereinbart wurde.<\/li>\r\n<\/ul>\r\n\r\n\r\n\r\n<h3 class=\"wp-block-heading\">UMTAUSCH- UND R\u00dcCKGABERICHTLINIE<\/h3>\r\n\r\n\r\n\r\n<p>Um einen Produktumtausch zu beantragen, muss der Kunde innerhalb von 15 Kalendertagen nach Erhalt der Bestellung den Kundenservice kontaktieren.<\/p>\r\n\r\n\r\n\r\n<p>Im Falle einer R\u00fccksendung gehen die Versand- und Abholkosten zulasten des Kunden.<\/p>\r\n\r\n\r\n\r\n<p>Sendungen auf Kosten des Empf\u00e4ngers werden unter keinen Umst\u00e4nden akzeptiert.<\/p>\r\n\r\n\r\n\r\n<p>Falls das umzutauschende Produkt teurer ist als das zuvor gekaufte, muss der Kunde die Differenz bezahlen. Ist das neue Produkt hingegen g\u00fcnstiger als das zuvor gekaufte, wird die Differenz nicht in bar erstattet, sondern in Form eines Geschenkgutscheins f\u00fcr den n\u00e4chsten Einkauf gew\u00e4hrt.<\/p>\r\n\r\n\r\n\r\n<p>Um jegliche R\u00fcckgabe oder Umtausch von Produkten, die auf https:\/\/www.tiendalicoressinc.com gekauft wurden, zu bearbeiten, muss der Kunde unseren Kundenservice kontaktieren.<\/p>\r\n\r\n\r\n\r\n<p>Der Kunde muss uns die Bestellnummer mitteilen, und wir werden ihm genau alle weiteren Schritte erl\u00e4utern. Wir weisen au\u00dferdem darauf hin, dass wir keine Umtausch- oder R\u00fccksendungen akzeptieren, die nicht zuvor \u00fcber die angegebenen Kan\u00e4le gemeldet wurden.<\/p>\r\n\r\n\r\n\r\n<h3 class=\"wp-block-heading\">KUNDENSERVICE<\/h3>\r\n\r\n\r\n\r\n<p>Der Kunde kann die Bestellung jederzeit ohne Kosten und ohne Angabe von Gr\u00fcnden stornieren, muss jedoch so schnell wie m\u00f6glich den Kundenservice unter der Telefonnummer 965330560 oder per E-Mail an pedidos@destilerias-sinc.com kontaktieren. Die Kundenservicezeiten sind von 9:00 bis 14:00 Uhr und von 15:00 bis 18:00 Uhr.<\/p>\r\n\r\n\r\n\r\n<p>Wenn die Bestellung unser Lager noch nicht verlassen hat, stornieren wir sie problemlos. Ist die Bestellung jedoch bereits unterwegs, m\u00fcssen wir auf die R\u00fccksendung warten. Nach Best\u00e4tigung des Wareneingangs wird der Betrag des Produkts abz\u00fcglich der Versandkosten erstattet, und die R\u00fcckzahlung erfolgt auf demselben Zahlungsweg, der beim Kauf verwendet wurde.<\/p>\r\n\r\n\r\n\r\n<h3 class=\"wp-block-heading\">DATENSCHUTZ<\/h3>\r\n\r\n\r\n\r\n<p>Die von Ihnen bereitgestellten Informationen oder personenbezogenen Daten werden gem\u00e4\u00df der Datenschutzrichtlinie verarbeitet. Durch die Nutzung dieser Website stimmen Sie der Verarbeitung dieser Informationen und Daten zu und erkl\u00e4ren, dass alle von Ihnen bereitgestellten Informationen oder Daten korrekt und der Wahrheit entsprechend sind.<\/p>\r\n\r\n\r\n\r\n<h3 class=\"wp-block-heading\">\u00c4NDERUNGEN<\/h3>\r\n\r\n\r\n\r\n<p>DER INHABER beh\u00e4lt sich das Recht vor, \u00c4nderungen an der Website ohne vorherige Ank\u00fcndigung vorzunehmen, die er f\u00fcr angemessen h\u00e4lt. Dabei k\u00f6nnen sowohl Inhalte und angebotene Dienstleistungen als auch deren Darstellung oder Platzierung ge\u00e4ndert, entfernt oder hinzugef\u00fcgt werden.<\/p>\r\n\r\n\r\n\r\n<p>Obwohl DER INHABER gr\u00f6\u00dfte Anstrengungen unternimmt, die auf der Website enthaltenen Informationen aktuell und fehlerfrei zu halten, \u00fcbernimmt er keine Garantie f\u00fcr deren Richtigkeit oder Aktualit\u00e4t. Ebenso wird kein bestimmtes Ergebnis oder Ziel garantiert, sodass der Zugriff auf und die Nutzung der Website in alleiniger Verantwortung der Nutzer und Kunden liegt.<\/p>\r\n\r\n\r\n\r\n<h3 class=\"wp-block-heading\">RECHTLICHE SCHRITTE<\/h3>\r\n\r\n\r\n\r\n<p>DER INHABER wird Verst\u00f6\u00dfe gegen diese Nutzungsbedingungen sowie jegliche unrechtm\u00e4\u00dfige Nutzung der Website oder ihrer Inhalte verfolgen. Dazu geh\u00f6ren insbesondere Verst\u00f6\u00dfe gegen die ihm oder seinen Lizenzgebern zustehenden Rechte, insbesondere geistiges und gewerbliches Eigentum. Er wird alle ihm gesetzlich zustehenden zivil- und strafrechtlichen Schritte einleiten.<\/p>\r\n\r\n\r\n\r\n<p>&nbsp;<\/p>\r\n\r\n\r\n\r\n<h1 class=\"wp-block-heading\">Versand und r\u00fcckgaben<\/h1>\r\n\r\n\r\n\r\n<h2 class=\"wp-block-heading\">Vversandarten und lieferzeiten<\/h2>\r\n\r\n\r\n\r\n<p><strong>www.tiendalicoressinc.com versendet Bestellungen mit den auf der Website angegebenen Versandkosten nach Festlandspanien und auf die Balearen.<\/strong><\/p>\r\n\r\n\r\n\r\n<p>F\u00fcr Lieferungen nach <strong>Kanarische Inseln, Ceuta, Melilla<\/strong> und international kontaktieren Sie uns bitte per E-Mail an <a href=\"mailto:sinc@destilerias-sinc.com\">sinc@destilerias-sinc.com<\/a> oder telefonisch unter 965 33 05 60.<\/p>\r\n\r\n\r\n\r\n<p>Die am Bestimmungsort anfallenden Steuern im Zusammenhang mit der Zollabfertigung gehen zu Lasten des Empf\u00e4ngers.<\/p>\r\n\r\n\r\n\r\n<p>Die Lieferzeit betr\u00e4gt 2 bis 10 Werktage ab dem Datum des Auftragseingangs bzw. bei Zahlung per \u00dcberweisung ab dem Datum der Zahlungsbest\u00e4tigung.<\/p>\r\n\r\n\r\n\r\n<p>Die Bestellungen werden direkt von www.tiendalicoressinc.com \u00fcber deren Logistikdienstleister versendet.<\/p>\r\n\r\n\r\n\r\n<p>Die Versandkosten werden je nach Versandzone berechnet.<\/p>\r\n\r\n\r\n\r\n<p>Falls zum Lieferzeitpunkt niemand an der angegebenen Lieferadresse anwesend ist, wird eine Benachrichtigung mit einer Telefonnummer hinterlassen, unter der Sie anrufen m\u00fcssen, um die Lieferzeit zu best\u00e4tigen. Das Transportunternehmen bewahrt Ihr Paket etwa 2 bis 3 Tage in seinen Lagern auf, bevor es an unser Unternehmen zur\u00fcckgeschickt wird.<\/p>\r\n\r\n\r\n\r\n<p>Wenn Sie Ihren Einkauf nicht innerhalb der gesch\u00e4tzten Lieferzeit erhalten, m\u00fcssen Sie sich an den Kundenservice von www.tiendalicoressinc.com wenden. Sie k\u00f6nnen uns unter <a href=\"mailto:licoressinc@gmail.com\">licoressinc@gmail.com<\/a> schreiben oder die Telefonnummer 965330560 anrufen. Sobald wir Ihre Meldung erhalten, werden wir die erforderlichen Schritte einleiten, um herauszufinden, warum die Lieferung nicht innerhalb der vereinbarten Zeit erfolgt ist.<\/p>\r\n\r\n\r\n\r\n<h2 class=\"wp-block-heading\">R\u00fccksendungen<\/h2>\r\n\r\n\r\n\r\n<p>Wenn Sie bei der erhaltenen Bestellung ein defektes Produkt feststellen, m\u00fcssen Sie uns unter <a href=\"mailto:licoressinc@gmail.com\">licoressinc@gmail.com<\/a> kontaktieren oder die Telefonnummer 965330560 anrufen.<\/p>\r\n\r\n\r\n\r\n<p>Sie k\u00f6nnen die Ware zur\u00fccksenden, sofern Sie Ihre Absicht innerhalb von 15 Tagen nach Erhalt der Bestellung mitteilen und die Verpackung in einwandfreiem Zustand bleibt. Dazu m\u00fcssen Sie uns unter <a href=\"mailto:licoressinc@gmail.com\">licoressinc@gmail.com<\/a> kontaktieren, die Telefonnummer 965330560 anrufen oder unsere Kontaktseite nutzen.<\/p>\r\n\r\n\r\n\r\n<p>Sofern die R\u00fccksendung auf Produktm\u00e4ngel zur\u00fcckzuf\u00fchren ist, \u00fcbernimmt www.tiendalicoressinc.com die durch die R\u00fccksendung entstehenden Versandkosten. Sie k\u00f6nnen das Produkt ersetzen lassen oder gegen andere Artikel austauschen.<\/p>\r\n\r\n\r\n\r\n<p>Wenn die R\u00fccksendegr\u00fcnde nicht von www.tiendalicoressinc.com verursacht wurden, das hei\u00dft, wenn die Ware sich in einwandfreiem Zustand befindet, Sie sie aber trotzdem zur\u00fccksenden m\u00f6chten, muss das Produkt in der Originalverpackung und in einwandfreiem Zustand zur\u00fcckgeschickt werden. Die durch die R\u00fccksendung entstehenden Kosten werden NICHT von www.tiendalicoressinc.com \u00fcbernommen.<\/p>\r\n","protected":false},"excerpt":{"rendered":"<p>&nbsp; https:\/\/www.tiendalicoressinc.com (im Folgenden: die Webseite) ist eine Webseite im Eigentum von LICORES SINC, S.A (im Folgenden: DER EIGENT\u00dcMER) mit der Steueridentifikationsnummer (CIF\/NIF) Nr.: A03011137 und dem Gesellschaftssitz in: C\/ C Parcela, 3. Pol. Ind. Cotes Baixes, PLZ 03804 &#8211; Alcoy (Alicante). Der Zugriff, die Wiedergabe und die Nutzung der Dienste der Webseite erfordern die [&hellip;]<\/p>\n","protected":false},"author":81,"featured_media":0,"parent":0,"menu_order":0,"comment_status":"closed","ping_status":"closed","template":"","meta":{"footnotes":""},"class_list":["post-3178","page","type-page","status-publish","hentry"],"yoast_head":"<!-- This site is optimized with the Yoast SEO plugin v27.3 - https:\/\/yoast.com\/product\/yoast-seo-wordpress\/ -->\n<title>Allgemeine Einkaufsbedingungen - Destiler\u00edas SINC<\/title>\n<meta name=\"description\" content=\"Allgemeine Einkaufsbedingungen von Destiler\u00edas Sinc. Lesen Sie alles zu Lieferbedingungen, Zahlungsarten, Widerrufsrecht und Retouren in unserem Shop.\" \/>\n<meta name=\"robots\" content=\"index, follow, max-snippet:-1, max-image-preview:large, max-video-preview:-1\" \/>\n<link rel=\"canonical\" href=\"https:\/\/www.destilerias-sinc.com\/de\/allgemeine-einkaufsbedingungen\/\" \/>\n<meta property=\"og:locale\" content=\"de_DE\" \/>\n<meta property=\"og:type\" content=\"article\" \/>\n<meta property=\"og:title\" content=\"Allgemeine Einkaufsbedingungen - Destiler\u00edas SINC\" \/>\n<meta property=\"og:description\" content=\"Allgemeine Einkaufsbedingungen von Destiler\u00edas Sinc. Lesen Sie alles zu Lieferbedingungen, Zahlungsarten, Widerrufsrecht und Retouren in unserem Shop.\" \/>\n<meta property=\"og:url\" content=\"https:\/\/www.destilerias-sinc.com\/de\/allgemeine-einkaufsbedingungen\/\" \/>\n<meta property=\"og:site_name\" content=\"Destiler\u00edas SINC\" \/>\n<meta property=\"article:modified_time\" content=\"2026-03-26T09:33:04+00:00\" \/>\n<meta name=\"twitter:card\" content=\"summary_large_image\" \/>\n<meta name=\"twitter:label1\" content=\"Gesch\u00e4tzte Lesezeit\" \/>\n\t<meta name=\"twitter:data1\" content=\"9\u00a0Minuten\" \/>\n<script type=\"application\/ld+json\" class=\"yoast-schema-graph\">{\"@context\":\"https:\\\/\\\/schema.org\",\"@graph\":[{\"@type\":\"WebPage\",\"@id\":\"https:\\\/\\\/www.destilerias-sinc.com\\\/de\\\/allgemeine-einkaufsbedingungen\\\/\",\"url\":\"https:\\\/\\\/www.destilerias-sinc.com\\\/de\\\/allgemeine-einkaufsbedingungen\\\/\",\"name\":\"Allgemeine Einkaufsbedingungen - Destiler\u00edas SINC\",\"isPartOf\":{\"@id\":\"https:\\\/\\\/www.destilerias-sinc.com\\\/de\\\/#website\"},\"datePublished\":\"2025-02-21T21:30:40+00:00\",\"dateModified\":\"2026-03-26T09:33:04+00:00\",\"description\":\"Allgemeine Einkaufsbedingungen von Destiler\u00edas Sinc. Lesen Sie alles zu Lieferbedingungen, Zahlungsarten, Widerrufsrecht und Retouren in unserem Shop.\",\"breadcrumb\":{\"@id\":\"https:\\\/\\\/www.destilerias-sinc.com\\\/de\\\/allgemeine-einkaufsbedingungen\\\/#breadcrumb\"},\"inLanguage\":\"de\",\"potentialAction\":[{\"@type\":\"ReadAction\",\"target\":[\"https:\\\/\\\/www.destilerias-sinc.com\\\/de\\\/allgemeine-einkaufsbedingungen\\\/\"]}]},{\"@type\":\"BreadcrumbList\",\"@id\":\"https:\\\/\\\/www.destilerias-sinc.com\\\/de\\\/allgemeine-einkaufsbedingungen\\\/#breadcrumb\",\"itemListElement\":[{\"@type\":\"ListItem\",\"position\":1,\"name\":\"Portada\",\"item\":\"https:\\\/\\\/www.destilerias-sinc.com\\\/de\\\/\"},{\"@type\":\"ListItem\",\"position\":2,\"name\":\"Allgemeine Einkaufsbedingungen\"}]},{\"@type\":\"WebSite\",\"@id\":\"https:\\\/\\\/www.destilerias-sinc.com\\\/de\\\/#website\",\"url\":\"https:\\\/\\\/www.destilerias-sinc.com\\\/de\\\/\",\"name\":\"Destiler\u00edas SINC\",\"description\":\"M\u00e1s que licores, construimos momentos\",\"publisher\":{\"@id\":\"https:\\\/\\\/www.destilerias-sinc.com\\\/de\\\/#organization\"},\"potentialAction\":[{\"@type\":\"SearchAction\",\"target\":{\"@type\":\"EntryPoint\",\"urlTemplate\":\"https:\\\/\\\/www.destilerias-sinc.com\\\/de\\\/?s={search_term_string}\"},\"query-input\":{\"@type\":\"PropertyValueSpecification\",\"valueRequired\":true,\"valueName\":\"search_term_string\"}}],\"inLanguage\":\"de\"},{\"@type\":\"Organization\",\"@id\":\"https:\\\/\\\/www.destilerias-sinc.com\\\/de\\\/#organization\",\"name\":\"Destiler\u00edas SINC\",\"url\":\"https:\\\/\\\/www.destilerias-sinc.com\\\/de\\\/\",\"logo\":{\"@type\":\"ImageObject\",\"inLanguage\":\"de\",\"@id\":\"https:\\\/\\\/www.destilerias-sinc.com\\\/de\\\/#\\\/schema\\\/logo\\\/image\\\/\",\"url\":\"https:\\\/\\\/www.destilerias-sinc.com\\\/wp-content\\\/uploads\\\/logo.svg\",\"contentUrl\":\"https:\\\/\\\/www.destilerias-sinc.com\\\/wp-content\\\/uploads\\\/logo.svg\",\"width\":254.85,\"height\":104.76,\"caption\":\"Destiler\u00edas SINC\"},\"image\":{\"@id\":\"https:\\\/\\\/www.destilerias-sinc.com\\\/de\\\/#\\\/schema\\\/logo\\\/image\\\/\"}}]}<\/script>\n<!-- \/ Yoast SEO plugin. -->","yoast_head_json":{"title":"Allgemeine Einkaufsbedingungen - Destiler\u00edas SINC","description":"Allgemeine Einkaufsbedingungen von Destiler\u00edas Sinc. Lesen Sie alles zu Lieferbedingungen, Zahlungsarten, Widerrufsrecht und Retouren in unserem Shop.","robots":{"index":"index","follow":"follow","max-snippet":"max-snippet:-1","max-image-preview":"max-image-preview:large","max-video-preview":"max-video-preview:-1"},"canonical":"https:\/\/www.destilerias-sinc.com\/de\/allgemeine-einkaufsbedingungen\/","og_locale":"de_DE","og_type":"article","og_title":"Allgemeine Einkaufsbedingungen - Destiler\u00edas SINC","og_description":"Allgemeine Einkaufsbedingungen von Destiler\u00edas Sinc. Lesen Sie alles zu Lieferbedingungen, Zahlungsarten, Widerrufsrecht und Retouren in unserem Shop.","og_url":"https:\/\/www.destilerias-sinc.com\/de\/allgemeine-einkaufsbedingungen\/","og_site_name":"Destiler\u00edas SINC","article_modified_time":"2026-03-26T09:33:04+00:00","twitter_card":"summary_large_image","twitter_misc":{"Gesch\u00e4tzte Lesezeit":"9\u00a0Minuten"},"schema":{"@context":"https:\/\/schema.org","@graph":[{"@type":"WebPage","@id":"https:\/\/www.destilerias-sinc.com\/de\/allgemeine-einkaufsbedingungen\/","url":"https:\/\/www.destilerias-sinc.com\/de\/allgemeine-einkaufsbedingungen\/","name":"Allgemeine Einkaufsbedingungen - Destiler\u00edas SINC","isPartOf":{"@id":"https:\/\/www.destilerias-sinc.com\/de\/#website"},"datePublished":"2025-02-21T21:30:40+00:00","dateModified":"2026-03-26T09:33:04+00:00","description":"Allgemeine Einkaufsbedingungen von Destiler\u00edas Sinc. Lesen Sie alles zu Lieferbedingungen, Zahlungsarten, Widerrufsrecht und Retouren in unserem Shop.","breadcrumb":{"@id":"https:\/\/www.destilerias-sinc.com\/de\/allgemeine-einkaufsbedingungen\/#breadcrumb"},"inLanguage":"de","potentialAction":[{"@type":"ReadAction","target":["https:\/\/www.destilerias-sinc.com\/de\/allgemeine-einkaufsbedingungen\/"]}]},{"@type":"BreadcrumbList","@id":"https:\/\/www.destilerias-sinc.com\/de\/allgemeine-einkaufsbedingungen\/#breadcrumb","itemListElement":[{"@type":"ListItem","position":1,"name":"Portada","item":"https:\/\/www.destilerias-sinc.com\/de\/"},{"@type":"ListItem","position":2,"name":"Allgemeine Einkaufsbedingungen"}]},{"@type":"WebSite","@id":"https:\/\/www.destilerias-sinc.com\/de\/#website","url":"https:\/\/www.destilerias-sinc.com\/de\/","name":"Destiler\u00edas SINC","description":"M\u00e1s que licores, construimos momentos","publisher":{"@id":"https:\/\/www.destilerias-sinc.com\/de\/#organization"},"potentialAction":[{"@type":"SearchAction","target":{"@type":"EntryPoint","urlTemplate":"https:\/\/www.destilerias-sinc.com\/de\/?s={search_term_string}"},"query-input":{"@type":"PropertyValueSpecification","valueRequired":true,"valueName":"search_term_string"}}],"inLanguage":"de"},{"@type":"Organization","@id":"https:\/\/www.destilerias-sinc.com\/de\/#organization","name":"Destiler\u00edas SINC","url":"https:\/\/www.destilerias-sinc.com\/de\/","logo":{"@type":"ImageObject","inLanguage":"de","@id":"https:\/\/www.destilerias-sinc.com\/de\/#\/schema\/logo\/image\/","url":"https:\/\/www.destilerias-sinc.com\/wp-content\/uploads\/logo.svg","contentUrl":"https:\/\/www.destilerias-sinc.com\/wp-content\/uploads\/logo.svg","width":254.85,"height":104.76,"caption":"Destiler\u00edas SINC"},"image":{"@id":"https:\/\/www.destilerias-sinc.com\/de\/#\/schema\/logo\/image\/"}}]}},"_links":{"self":[{"href":"https:\/\/www.destilerias-sinc.com\/de\/wp-json\/wp\/v2\/pages\/3178","targetHints":{"allow":["GET"]}}],"collection":[{"href":"https:\/\/www.destilerias-sinc.com\/de\/wp-json\/wp\/v2\/pages"}],"about":[{"href":"https:\/\/www.destilerias-sinc.com\/de\/wp-json\/wp\/v2\/types\/page"}],"author":[{"embeddable":true,"href":"https:\/\/www.destilerias-sinc.com\/de\/wp-json\/wp\/v2\/users\/81"}],"replies":[{"embeddable":true,"href":"https:\/\/www.destilerias-sinc.com\/de\/wp-json\/wp\/v2\/comments?post=3178"}],"version-history":[{"count":4,"href":"https:\/\/www.destilerias-sinc.com\/de\/wp-json\/wp\/v2\/pages\/3178\/revisions"}],"predecessor-version":[{"id":3726,"href":"https:\/\/www.destilerias-sinc.com\/de\/wp-json\/wp\/v2\/pages\/3178\/revisions\/3726"}],"wp:attachment":[{"href":"https:\/\/www.destilerias-sinc.com\/de\/wp-json\/wp\/v2\/media?parent=3178"}],"curies":[{"name":"wp","href":"https:\/\/api.w.org\/{rel}","templated":true}]}}