{"id":3265,"date":"2025-02-26T16:19:55","date_gmt":"2025-02-26T15:19:55","guid":{"rendered":"https:\/\/www.destilerias-sinc.com\/producto\/horchata-borda-sahnelikoer\/"},"modified":"2025-02-26T16:19:55","modified_gmt":"2025-02-26T15:19:55","slug":"horchata-borda-sahnelikoer","status":"publish","type":"product","link":"https:\/\/www.destilerias-sinc.com\/de\/producto\/horchata-borda-sahnelikoer\/","title":{"rendered":"Horchata Borda Sahnelik\u00f6r"},"content":{"rendered":"<p>Die Horchata-Lik\u00f6rcreme von Licores sinc hat den authentischen Geschmack der valencianischen Horchata, destilliert mit hochwertigen Rohstoffen, der handwerklich hergestellten valencianischen Erdmandel, die in der Welt so ber\u00fchmt ist. Es ist die Mischung aus authentischen Valencia-Erdmandeln und frischer Milchcreme. Daher enth\u00e4lt es ein Milchderivat.<br \/>\nEin Getr\u00e4nk mit valencianischem Siegel, empfohlen f\u00fcr die anspruchsvollsten Gaumen und f\u00fcr alle Liebhaber der valencianischen Horchata. Es wird empfohlen, ihn sehr kalt und entweder allein oder in Begleitung zu servieren. Wir empfehlen jedoch, es nicht mit Zitrus- und S\u00e4uregetr\u00e4nken zu kombinieren.    <\/p>\n<p><strong>Allergeninformationen<\/strong>: Enth\u00e4lt Milchderivate<\/p>\n<p><strong>Verwendungs- und Aufbewahrungsbedingungen<\/strong>: Vor dem \u00d6ffnen sch\u00fctteln. Wir empfehlen, es nicht mit Zitrus- oder s\u00e4urehaltigen Getr\u00e4nken zu kombinieren. Nach dem \u00d6ffnen des Beh\u00e4lters innerhalb von 6 Monaten verbrauchen.  <\/p>\n","protected":false},"excerpt":{"rendered":"<p>Der Cream of Horchata-Lik\u00f6r von Licores Sinc spiegelt die authentischen Erdmandeln aus Valencia am besten wider und eignet sich ideal, um ihn kalt und alleine zu trinken. Die authentische valencianische Horchata in einem Sahnelik\u00f6r, den jeder lieben wird. <\/p>\n","protected":false},"featured_media":1583,"comment_status":"closed","ping_status":"closed","template":"","meta":[],"product_brand":[],"product_cat":[233],"product_tag":[],"class_list":{"0":"post-3265","1":"product","2":"type-product","3":"status-publish","4":"has-post-thumbnail","6":"product_cat-valencianische-cremes","8":"first","9":"instock","10":"taxable","11":"shipping-taxable","12":"purchasable","13":"product-type-simple"},"yoast_head":"<!-- This site is optimized with the Yoast SEO plugin v27.3 - https:\/\/yoast.com\/product\/yoast-seo-wordpress\/ -->\n<title>Horchata Borda Sahnelik\u00f6r - Destiler\u00edas SINC<\/title>\n<meta name=\"robots\" content=\"index, follow, max-snippet:-1, max-image-preview:large, max-video-preview:-1\" \/>\n<link rel=\"canonical\" href=\"https:\/\/www.destilerias-sinc.com\/de\/producto\/horchata-borda-sahnelikoer\/\" \/>\n<meta property=\"og:locale\" content=\"de_DE\" \/>\n<meta property=\"og:type\" content=\"article\" \/>\n<meta property=\"og:title\" content=\"Horchata Borda Sahnelik\u00f6r - Destiler\u00edas SINC\" \/>\n<meta property=\"og:description\" content=\"Der Cream of Horchata-Lik\u00f6r von Licores Sinc spiegelt die authentischen Erdmandeln aus Valencia am besten wider und eignet sich ideal, um ihn kalt und alleine zu trinken. Die authentische valencianische Horchata in einem Sahnelik\u00f6r, den jeder lieben wird.\" \/>\n<meta property=\"og:url\" content=\"https:\/\/www.destilerias-sinc.com\/de\/producto\/horchata-borda-sahnelikoer\/\" \/>\n<meta property=\"og:site_name\" content=\"Destiler\u00edas SINC\" \/>\n<meta property=\"og:image\" content=\"https:\/\/www.destilerias-sinc.com\/wp-content\/uploads\/Borda.jpg\" \/>\n\t<meta property=\"og:image:width\" content=\"2000\" \/>\n\t<meta property=\"og:image:height\" content=\"2000\" \/>\n\t<meta property=\"og:image:type\" content=\"image\/jpeg\" \/>\n<meta name=\"twitter:card\" content=\"summary_large_image\" \/>\n<meta name=\"twitter:label1\" content=\"Gesch\u00e4tzte Lesezeit\" \/>\n\t<meta name=\"twitter:data1\" content=\"1\u00a0Minute\" \/>\n<script type=\"application\/ld+json\" class=\"yoast-schema-graph\">{\"@context\":\"https:\\\/\\\/schema.org\",\"@graph\":[{\"@type\":\"WebPage\",\"@id\":\"https:\\\/\\\/www.destilerias-sinc.com\\\/de\\\/producto\\\/horchata-borda-sahnelikoer\\\/\",\"url\":\"https:\\\/\\\/www.destilerias-sinc.com\\\/de\\\/producto\\\/horchata-borda-sahnelikoer\\\/\",\"name\":\"Horchata Borda Sahnelik\u00f6r - Destiler\u00edas SINC\",\"isPartOf\":{\"@id\":\"https:\\\/\\\/www.destilerias-sinc.com\\\/de\\\/#website\"},\"primaryImageOfPage\":{\"@id\":\"https:\\\/\\\/www.destilerias-sinc.com\\\/de\\\/producto\\\/horchata-borda-sahnelikoer\\\/#primaryimage\"},\"image\":{\"@id\":\"https:\\\/\\\/www.destilerias-sinc.com\\\/de\\\/producto\\\/horchata-borda-sahnelikoer\\\/#primaryimage\"},\"thumbnailUrl\":\"https:\\\/\\\/www.destilerias-sinc.com\\\/wp-content\\\/uploads\\\/Borda.jpg\",\"datePublished\":\"2025-02-26T15:19:55+00:00\",\"breadcrumb\":{\"@id\":\"https:\\\/\\\/www.destilerias-sinc.com\\\/de\\\/producto\\\/horchata-borda-sahnelikoer\\\/#breadcrumb\"},\"inLanguage\":\"de\",\"potentialAction\":[{\"@type\":\"ReadAction\",\"target\":[\"https:\\\/\\\/www.destilerias-sinc.com\\\/de\\\/producto\\\/horchata-borda-sahnelikoer\\\/\"]}]},{\"@type\":\"ImageObject\",\"inLanguage\":\"de\",\"@id\":\"https:\\\/\\\/www.destilerias-sinc.com\\\/de\\\/producto\\\/horchata-borda-sahnelikoer\\\/#primaryimage\",\"url\":\"https:\\\/\\\/www.destilerias-sinc.com\\\/wp-content\\\/uploads\\\/Borda.jpg\",\"contentUrl\":\"https:\\\/\\\/www.destilerias-sinc.com\\\/wp-content\\\/uploads\\\/Borda.jpg\",\"width\":2000,\"height\":2000,\"caption\":\"Borda Crema De Horchata Botella\"},{\"@type\":\"BreadcrumbList\",\"@id\":\"https:\\\/\\\/www.destilerias-sinc.com\\\/de\\\/producto\\\/horchata-borda-sahnelikoer\\\/#breadcrumb\",\"itemListElement\":[{\"@type\":\"ListItem\",\"position\":1,\"name\":\"Portada\",\"item\":\"https:\\\/\\\/www.destilerias-sinc.com\\\/de\\\/\"},{\"@type\":\"ListItem\",\"position\":2,\"name\":\"Shop\",\"item\":\"https:\\\/\\\/www.destilerias-sinc.com\\\/de\\\/shop\\\/\"},{\"@type\":\"ListItem\",\"position\":3,\"name\":\"Horchata Borda Sahnelik\u00f6r\"}]},{\"@type\":\"WebSite\",\"@id\":\"https:\\\/\\\/www.destilerias-sinc.com\\\/de\\\/#website\",\"url\":\"https:\\\/\\\/www.destilerias-sinc.com\\\/de\\\/\",\"name\":\"Destiler\u00edas SINC\",\"description\":\"M\u00e1s que licores, construimos momentos\",\"publisher\":{\"@id\":\"https:\\\/\\\/www.destilerias-sinc.com\\\/de\\\/#organization\"},\"potentialAction\":[{\"@type\":\"SearchAction\",\"target\":{\"@type\":\"EntryPoint\",\"urlTemplate\":\"https:\\\/\\\/www.destilerias-sinc.com\\\/de\\\/?s={search_term_string}\"},\"query-input\":{\"@type\":\"PropertyValueSpecification\",\"valueRequired\":true,\"valueName\":\"search_term_string\"}}],\"inLanguage\":\"de\"},{\"@type\":\"Organization\",\"@id\":\"https:\\\/\\\/www.destilerias-sinc.com\\\/de\\\/#organization\",\"name\":\"Destiler\u00edas SINC\",\"url\":\"https:\\\/\\\/www.destilerias-sinc.com\\\/de\\\/\",\"logo\":{\"@type\":\"ImageObject\",\"inLanguage\":\"de\",\"@id\":\"https:\\\/\\\/www.destilerias-sinc.com\\\/de\\\/#\\\/schema\\\/logo\\\/image\\\/\",\"url\":\"https:\\\/\\\/www.destilerias-sinc.com\\\/wp-content\\\/uploads\\\/logo.svg\",\"contentUrl\":\"https:\\\/\\\/www.destilerias-sinc.com\\\/wp-content\\\/uploads\\\/logo.svg\",\"width\":254.85,\"height\":104.76,\"caption\":\"Destiler\u00edas SINC\"},\"image\":{\"@id\":\"https:\\\/\\\/www.destilerias-sinc.com\\\/de\\\/#\\\/schema\\\/logo\\\/image\\\/\"}}]}<\/script>\n<!-- \/ Yoast SEO plugin. -->","yoast_head_json":{"title":"Horchata Borda Sahnelik\u00f6r - Destiler\u00edas SINC","robots":{"index":"index","follow":"follow","max-snippet":"max-snippet:-1","max-image-preview":"max-image-preview:large","max-video-preview":"max-video-preview:-1"},"canonical":"https:\/\/www.destilerias-sinc.com\/de\/producto\/horchata-borda-sahnelikoer\/","og_locale":"de_DE","og_type":"article","og_title":"Horchata Borda Sahnelik\u00f6r - Destiler\u00edas SINC","og_description":"Der Cream of Horchata-Lik\u00f6r von Licores Sinc spiegelt die authentischen Erdmandeln aus Valencia am besten wider und eignet sich ideal, um ihn kalt und alleine zu trinken. Die authentische valencianische Horchata in einem Sahnelik\u00f6r, den jeder lieben wird.","og_url":"https:\/\/www.destilerias-sinc.com\/de\/producto\/horchata-borda-sahnelikoer\/","og_site_name":"Destiler\u00edas SINC","og_image":[{"width":2000,"height":2000,"url":"https:\/\/www.destilerias-sinc.com\/wp-content\/uploads\/Borda.jpg","type":"image\/jpeg"}],"twitter_card":"summary_large_image","twitter_misc":{"Gesch\u00e4tzte Lesezeit":"1\u00a0Minute"},"schema":{"@context":"https:\/\/schema.org","@graph":[{"@type":"WebPage","@id":"https:\/\/www.destilerias-sinc.com\/de\/producto\/horchata-borda-sahnelikoer\/","url":"https:\/\/www.destilerias-sinc.com\/de\/producto\/horchata-borda-sahnelikoer\/","name":"Horchata Borda Sahnelik\u00f6r - Destiler\u00edas SINC","isPartOf":{"@id":"https:\/\/www.destilerias-sinc.com\/de\/#website"},"primaryImageOfPage":{"@id":"https:\/\/www.destilerias-sinc.com\/de\/producto\/horchata-borda-sahnelikoer\/#primaryimage"},"image":{"@id":"https:\/\/www.destilerias-sinc.com\/de\/producto\/horchata-borda-sahnelikoer\/#primaryimage"},"thumbnailUrl":"https:\/\/www.destilerias-sinc.com\/wp-content\/uploads\/Borda.jpg","datePublished":"2025-02-26T15:19:55+00:00","breadcrumb":{"@id":"https:\/\/www.destilerias-sinc.com\/de\/producto\/horchata-borda-sahnelikoer\/#breadcrumb"},"inLanguage":"de","potentialAction":[{"@type":"ReadAction","target":["https:\/\/www.destilerias-sinc.com\/de\/producto\/horchata-borda-sahnelikoer\/"]}]},{"@type":"ImageObject","inLanguage":"de","@id":"https:\/\/www.destilerias-sinc.com\/de\/producto\/horchata-borda-sahnelikoer\/#primaryimage","url":"https:\/\/www.destilerias-sinc.com\/wp-content\/uploads\/Borda.jpg","contentUrl":"https:\/\/www.destilerias-sinc.com\/wp-content\/uploads\/Borda.jpg","width":2000,"height":2000,"caption":"Borda Crema De Horchata Botella"},{"@type":"BreadcrumbList","@id":"https:\/\/www.destilerias-sinc.com\/de\/producto\/horchata-borda-sahnelikoer\/#breadcrumb","itemListElement":[{"@type":"ListItem","position":1,"name":"Portada","item":"https:\/\/www.destilerias-sinc.com\/de\/"},{"@type":"ListItem","position":2,"name":"Shop","item":"https:\/\/www.destilerias-sinc.com\/de\/shop\/"},{"@type":"ListItem","position":3,"name":"Horchata Borda Sahnelik\u00f6r"}]},{"@type":"WebSite","@id":"https:\/\/www.destilerias-sinc.com\/de\/#website","url":"https:\/\/www.destilerias-sinc.com\/de\/","name":"Destiler\u00edas SINC","description":"M\u00e1s que licores, construimos momentos","publisher":{"@id":"https:\/\/www.destilerias-sinc.com\/de\/#organization"},"potentialAction":[{"@type":"SearchAction","target":{"@type":"EntryPoint","urlTemplate":"https:\/\/www.destilerias-sinc.com\/de\/?s={search_term_string}"},"query-input":{"@type":"PropertyValueSpecification","valueRequired":true,"valueName":"search_term_string"}}],"inLanguage":"de"},{"@type":"Organization","@id":"https:\/\/www.destilerias-sinc.com\/de\/#organization","name":"Destiler\u00edas SINC","url":"https:\/\/www.destilerias-sinc.com\/de\/","logo":{"@type":"ImageObject","inLanguage":"de","@id":"https:\/\/www.destilerias-sinc.com\/de\/#\/schema\/logo\/image\/","url":"https:\/\/www.destilerias-sinc.com\/wp-content\/uploads\/logo.svg","contentUrl":"https:\/\/www.destilerias-sinc.com\/wp-content\/uploads\/logo.svg","width":254.85,"height":104.76,"caption":"Destiler\u00edas SINC"},"image":{"@id":"https:\/\/www.destilerias-sinc.com\/de\/#\/schema\/logo\/image\/"}}]}},"_links":{"self":[{"href":"https:\/\/www.destilerias-sinc.com\/de\/wp-json\/wp\/v2\/product\/3265","targetHints":{"allow":["GET"]}}],"collection":[{"href":"https:\/\/www.destilerias-sinc.com\/de\/wp-json\/wp\/v2\/product"}],"about":[{"href":"https:\/\/www.destilerias-sinc.com\/de\/wp-json\/wp\/v2\/types\/product"}],"replies":[{"embeddable":true,"href":"https:\/\/www.destilerias-sinc.com\/de\/wp-json\/wp\/v2\/comments?post=3265"}],"wp:featuredmedia":[{"embeddable":true,"href":"https:\/\/www.destilerias-sinc.com\/de\/wp-json\/wp\/v2\/media\/1583"}],"wp:attachment":[{"href":"https:\/\/www.destilerias-sinc.com\/de\/wp-json\/wp\/v2\/media?parent=3265"}],"wp:term":[{"taxonomy":"product_brand","embeddable":true,"href":"https:\/\/www.destilerias-sinc.com\/de\/wp-json\/wp\/v2\/product_brand?post=3265"},{"taxonomy":"product_cat","embeddable":true,"href":"https:\/\/www.destilerias-sinc.com\/de\/wp-json\/wp\/v2\/product_cat?post=3265"},{"taxonomy":"product_tag","embeddable":true,"href":"https:\/\/www.destilerias-sinc.com\/de\/wp-json\/wp\/v2\/product_tag?post=3265"}],"curies":[{"name":"wp","href":"https:\/\/api.w.org\/{rel}","templated":true}]}}