{"id":3285,"date":"2025-02-26T16:19:47","date_gmt":"2025-02-26T15:19:47","guid":{"rendered":"https:\/\/www.destilerias-sinc.com\/producto\/icelandic-orangenlikoer\/"},"modified":"2026-03-04T16:08:13","modified_gmt":"2026-03-04T15:08:13","slug":"icelandic-orangenlikoer","status":"publish","type":"product","link":"https:\/\/www.destilerias-sinc.com\/de\/producto\/icelandic-orangenlikoer\/","title":{"rendered":"Icelandic Orangenlik\u00f6r"},"content":{"rendered":"<p>Von Licores Sinc m\u00f6chten wir Ihnen unseren Icelandic Orangenwodka vorstellen. Es handelt sich um einen milden Lik\u00f6r aus dem isl\u00e4ndischen Sortiment, der aus dem unverwechselbaren Wodka des Unternehmens hergestellt wird. Es ist eine besondere Kombination und hat zus\u00e4tzlich den aromatischen und unverwechselbaren Hauch von Orange. Dadurch entsteht ein intensiver und k\u00f6stlicher Lik\u00f6r mit dem Geschmack unseres \u00fcblichen isl\u00e4ndischen Wodkas und einer der beliebtesten Fr\u00fcchte.<br \/>\n Aufgrund seiner exotischen Eigenschaften kann der Icelandic Orangenwodka einiges leisten. Es ist ein Destillat, das sich sehr gut zum puren Trinken mit Eis oder sehr kalt in einem Schuss eignet. Wir m\u00f6chten Sie an einem unserer Rezepte in exklusiven Kombinationen teilhaben lassen, damit Sie dieses wunderbare Getr\u00e4nk genie\u00dfen k\u00f6nnen. Befolgen Sie es Schritt f\u00fcr Schritt und werden Sie zum Profi:<br \/>\nZuerst wie immer jede Menge Crushed Ice. Als n\u00e4chstes mischen Sie 1 Teil Icelandic Orangenwodka mit 1\/2 Teil Icelandic Original-Wodka. Zum Schluss 1\/4 Teil Sinc Grenadine Sirup mit 1\/4 Teil Ananassaft und so viel braunem Zucker hinzuf\u00fcgen, wie Sie m\u00f6chten.<br \/>\n Probieren Sie es aus, die Zubereitung ist ganz einfach und es ist ein einzigartiger und intensiver Cocktail, der Sie zum Vibrieren bringt. Sie erhalten eine perfekte, k\u00f6stliche und \u00fcberraschende Kombination aus 50 % s\u00fc\u00df und 50 % sauer. Un\u00fcbertroffen!<br \/>\n Wenn Sie zu denen geh\u00f6ren, die das Abenteuer lieben, Adrenalin aus jeder Pore Ihrer Haut aussto\u00dfen und jeden Moment sehr intensiv erleben m\u00f6chten, ist der isl\u00e4ndische Orangenwodka ohne Zweifel der perfekte Lik\u00f6r f\u00fcr Sie. Dar\u00fcber hinaus k\u00f6nnen Sie es dank seines geringen Alkoholgehalts nach Belieben und auf vielf\u00e4ltige Weise kombinieren und so Ihren Lieblingsdestillaten eine pers\u00f6nliche Note verleihen. Mit isl\u00e4ndischem Orangenwodka erhalten Sie den Geschmack, auf den Sie gewartet haben und den kein anderer erreichen kann.  <\/p>\n","protected":false},"excerpt":{"rendered":"<p>Icelandic Orangen-Wodka ist ein sanfter Lik\u00f6r, der auf der Basis des unverwechselbaren Icelandic Wodkas in Kombination mit der bekanntesten und aromatischsten Mittelmeerfrucht, der Orange, hergestellt wird.<\/p>\n","protected":false},"featured_media":3286,"comment_status":"closed","ping_status":"closed","template":"","meta":[],"product_brand":[],"product_cat":[236],"product_tag":[],"class_list":{"0":"post-3285","1":"product","2":"type-product","3":"status-publish","4":"has-post-thumbnail","6":"product_cat-vodka","8":"first","9":"instock","10":"taxable","11":"shipping-taxable","12":"purchasable","13":"product-type-simple"},"yoast_head":"<!-- This site is optimized with the Yoast SEO plugin v27.3 - https:\/\/yoast.com\/product\/yoast-seo-wordpress\/ -->\n<title>Icelandic Orangenlik\u00f6r - Destiler\u00edas SINC<\/title>\n<meta name=\"robots\" content=\"index, follow, max-snippet:-1, max-image-preview:large, max-video-preview:-1\" \/>\n<link rel=\"canonical\" href=\"https:\/\/www.destilerias-sinc.com\/de\/producto\/icelandic-orangenlikoer\/\" \/>\n<meta property=\"og:locale\" content=\"de_DE\" \/>\n<meta property=\"og:type\" content=\"article\" \/>\n<meta property=\"og:title\" content=\"Icelandic Orangenlik\u00f6r - Destiler\u00edas SINC\" \/>\n<meta property=\"og:description\" content=\"Icelandic Orangen-Wodka ist ein sanfter Lik\u00f6r, der auf der Basis des unverwechselbaren Icelandic Wodkas in Kombination mit der bekanntesten und aromatischsten Mittelmeerfrucht, der Orange, hergestellt wird.\" \/>\n<meta property=\"og:url\" content=\"https:\/\/www.destilerias-sinc.com\/de\/producto\/icelandic-orangenlikoer\/\" \/>\n<meta property=\"og:site_name\" content=\"Destiler\u00edas SINC\" \/>\n<meta property=\"article:modified_time\" content=\"2026-03-04T15:08:13+00:00\" \/>\n<meta property=\"og:image\" content=\"https:\/\/www.destilerias-sinc.com\/wp-content\/uploads\/Orange-vdk.jpg\" \/>\n\t<meta property=\"og:image:width\" content=\"1600\" \/>\n\t<meta property=\"og:image:height\" content=\"1600\" \/>\n\t<meta property=\"og:image:type\" content=\"image\/jpeg\" \/>\n<meta name=\"twitter:card\" content=\"summary_large_image\" \/>\n<meta name=\"twitter:label1\" content=\"Gesch\u00e4tzte Lesezeit\" \/>\n\t<meta name=\"twitter:data1\" content=\"2\u00a0Minuten\" \/>\n<script type=\"application\/ld+json\" class=\"yoast-schema-graph\">{\"@context\":\"https:\\\/\\\/schema.org\",\"@graph\":[{\"@type\":\"WebPage\",\"@id\":\"https:\\\/\\\/www.destilerias-sinc.com\\\/de\\\/producto\\\/icelandic-orangenlikoer\\\/\",\"url\":\"https:\\\/\\\/www.destilerias-sinc.com\\\/de\\\/producto\\\/icelandic-orangenlikoer\\\/\",\"name\":\"Icelandic Orangenlik\u00f6r - Destiler\u00edas SINC\",\"isPartOf\":{\"@id\":\"https:\\\/\\\/www.destilerias-sinc.com\\\/de\\\/#website\"},\"primaryImageOfPage\":{\"@id\":\"https:\\\/\\\/www.destilerias-sinc.com\\\/de\\\/producto\\\/icelandic-orangenlikoer\\\/#primaryimage\"},\"image\":{\"@id\":\"https:\\\/\\\/www.destilerias-sinc.com\\\/de\\\/producto\\\/icelandic-orangenlikoer\\\/#primaryimage\"},\"thumbnailUrl\":\"https:\\\/\\\/www.destilerias-sinc.com\\\/wp-content\\\/uploads\\\/Orange-vdk.jpg\",\"datePublished\":\"2025-02-26T15:19:47+00:00\",\"dateModified\":\"2026-03-04T15:08:13+00:00\",\"breadcrumb\":{\"@id\":\"https:\\\/\\\/www.destilerias-sinc.com\\\/de\\\/producto\\\/icelandic-orangenlikoer\\\/#breadcrumb\"},\"inLanguage\":\"de\",\"potentialAction\":[{\"@type\":\"ReadAction\",\"target\":[\"https:\\\/\\\/www.destilerias-sinc.com\\\/de\\\/producto\\\/icelandic-orangenlikoer\\\/\"]}]},{\"@type\":\"ImageObject\",\"inLanguage\":\"de\",\"@id\":\"https:\\\/\\\/www.destilerias-sinc.com\\\/de\\\/producto\\\/icelandic-orangenlikoer\\\/#primaryimage\",\"url\":\"https:\\\/\\\/www.destilerias-sinc.com\\\/wp-content\\\/uploads\\\/Orange-vdk.jpg\",\"contentUrl\":\"https:\\\/\\\/www.destilerias-sinc.com\\\/wp-content\\\/uploads\\\/Orange-vdk.jpg\",\"width\":1600,\"height\":1600,\"caption\":\"Icelandic Orange Vodka\"},{\"@type\":\"BreadcrumbList\",\"@id\":\"https:\\\/\\\/www.destilerias-sinc.com\\\/de\\\/producto\\\/icelandic-orangenlikoer\\\/#breadcrumb\",\"itemListElement\":[{\"@type\":\"ListItem\",\"position\":1,\"name\":\"Portada\",\"item\":\"https:\\\/\\\/www.destilerias-sinc.com\\\/de\\\/\"},{\"@type\":\"ListItem\",\"position\":2,\"name\":\"Shop\",\"item\":\"https:\\\/\\\/www.destilerias-sinc.com\\\/de\\\/shop\\\/\"},{\"@type\":\"ListItem\",\"position\":3,\"name\":\"Icelandic Orangenlik\u00f6r\"}]},{\"@type\":\"WebSite\",\"@id\":\"https:\\\/\\\/www.destilerias-sinc.com\\\/de\\\/#website\",\"url\":\"https:\\\/\\\/www.destilerias-sinc.com\\\/de\\\/\",\"name\":\"Destiler\u00edas SINC\",\"description\":\"M\u00e1s que licores, construimos momentos\",\"publisher\":{\"@id\":\"https:\\\/\\\/www.destilerias-sinc.com\\\/de\\\/#organization\"},\"potentialAction\":[{\"@type\":\"SearchAction\",\"target\":{\"@type\":\"EntryPoint\",\"urlTemplate\":\"https:\\\/\\\/www.destilerias-sinc.com\\\/de\\\/?s={search_term_string}\"},\"query-input\":{\"@type\":\"PropertyValueSpecification\",\"valueRequired\":true,\"valueName\":\"search_term_string\"}}],\"inLanguage\":\"de\"},{\"@type\":\"Organization\",\"@id\":\"https:\\\/\\\/www.destilerias-sinc.com\\\/de\\\/#organization\",\"name\":\"Destiler\u00edas SINC\",\"url\":\"https:\\\/\\\/www.destilerias-sinc.com\\\/de\\\/\",\"logo\":{\"@type\":\"ImageObject\",\"inLanguage\":\"de\",\"@id\":\"https:\\\/\\\/www.destilerias-sinc.com\\\/de\\\/#\\\/schema\\\/logo\\\/image\\\/\",\"url\":\"https:\\\/\\\/www.destilerias-sinc.com\\\/wp-content\\\/uploads\\\/logo.svg\",\"contentUrl\":\"https:\\\/\\\/www.destilerias-sinc.com\\\/wp-content\\\/uploads\\\/logo.svg\",\"width\":254.85,\"height\":104.76,\"caption\":\"Destiler\u00edas SINC\"},\"image\":{\"@id\":\"https:\\\/\\\/www.destilerias-sinc.com\\\/de\\\/#\\\/schema\\\/logo\\\/image\\\/\"}}]}<\/script>\n<!-- \/ Yoast SEO plugin. -->","yoast_head_json":{"title":"Icelandic Orangenlik\u00f6r - Destiler\u00edas SINC","robots":{"index":"index","follow":"follow","max-snippet":"max-snippet:-1","max-image-preview":"max-image-preview:large","max-video-preview":"max-video-preview:-1"},"canonical":"https:\/\/www.destilerias-sinc.com\/de\/producto\/icelandic-orangenlikoer\/","og_locale":"de_DE","og_type":"article","og_title":"Icelandic Orangenlik\u00f6r - Destiler\u00edas SINC","og_description":"Icelandic Orangen-Wodka ist ein sanfter Lik\u00f6r, der auf der Basis des unverwechselbaren Icelandic Wodkas in Kombination mit der bekanntesten und aromatischsten Mittelmeerfrucht, der Orange, hergestellt wird.","og_url":"https:\/\/www.destilerias-sinc.com\/de\/producto\/icelandic-orangenlikoer\/","og_site_name":"Destiler\u00edas SINC","article_modified_time":"2026-03-04T15:08:13+00:00","og_image":[{"width":1600,"height":1600,"url":"https:\/\/www.destilerias-sinc.com\/wp-content\/uploads\/Orange-vdk.jpg","type":"image\/jpeg"}],"twitter_card":"summary_large_image","twitter_misc":{"Gesch\u00e4tzte Lesezeit":"2\u00a0Minuten"},"schema":{"@context":"https:\/\/schema.org","@graph":[{"@type":"WebPage","@id":"https:\/\/www.destilerias-sinc.com\/de\/producto\/icelandic-orangenlikoer\/","url":"https:\/\/www.destilerias-sinc.com\/de\/producto\/icelandic-orangenlikoer\/","name":"Icelandic Orangenlik\u00f6r - Destiler\u00edas SINC","isPartOf":{"@id":"https:\/\/www.destilerias-sinc.com\/de\/#website"},"primaryImageOfPage":{"@id":"https:\/\/www.destilerias-sinc.com\/de\/producto\/icelandic-orangenlikoer\/#primaryimage"},"image":{"@id":"https:\/\/www.destilerias-sinc.com\/de\/producto\/icelandic-orangenlikoer\/#primaryimage"},"thumbnailUrl":"https:\/\/www.destilerias-sinc.com\/wp-content\/uploads\/Orange-vdk.jpg","datePublished":"2025-02-26T15:19:47+00:00","dateModified":"2026-03-04T15:08:13+00:00","breadcrumb":{"@id":"https:\/\/www.destilerias-sinc.com\/de\/producto\/icelandic-orangenlikoer\/#breadcrumb"},"inLanguage":"de","potentialAction":[{"@type":"ReadAction","target":["https:\/\/www.destilerias-sinc.com\/de\/producto\/icelandic-orangenlikoer\/"]}]},{"@type":"ImageObject","inLanguage":"de","@id":"https:\/\/www.destilerias-sinc.com\/de\/producto\/icelandic-orangenlikoer\/#primaryimage","url":"https:\/\/www.destilerias-sinc.com\/wp-content\/uploads\/Orange-vdk.jpg","contentUrl":"https:\/\/www.destilerias-sinc.com\/wp-content\/uploads\/Orange-vdk.jpg","width":1600,"height":1600,"caption":"Icelandic Orange Vodka"},{"@type":"BreadcrumbList","@id":"https:\/\/www.destilerias-sinc.com\/de\/producto\/icelandic-orangenlikoer\/#breadcrumb","itemListElement":[{"@type":"ListItem","position":1,"name":"Portada","item":"https:\/\/www.destilerias-sinc.com\/de\/"},{"@type":"ListItem","position":2,"name":"Shop","item":"https:\/\/www.destilerias-sinc.com\/de\/shop\/"},{"@type":"ListItem","position":3,"name":"Icelandic Orangenlik\u00f6r"}]},{"@type":"WebSite","@id":"https:\/\/www.destilerias-sinc.com\/de\/#website","url":"https:\/\/www.destilerias-sinc.com\/de\/","name":"Destiler\u00edas SINC","description":"M\u00e1s que licores, construimos momentos","publisher":{"@id":"https:\/\/www.destilerias-sinc.com\/de\/#organization"},"potentialAction":[{"@type":"SearchAction","target":{"@type":"EntryPoint","urlTemplate":"https:\/\/www.destilerias-sinc.com\/de\/?s={search_term_string}"},"query-input":{"@type":"PropertyValueSpecification","valueRequired":true,"valueName":"search_term_string"}}],"inLanguage":"de"},{"@type":"Organization","@id":"https:\/\/www.destilerias-sinc.com\/de\/#organization","name":"Destiler\u00edas SINC","url":"https:\/\/www.destilerias-sinc.com\/de\/","logo":{"@type":"ImageObject","inLanguage":"de","@id":"https:\/\/www.destilerias-sinc.com\/de\/#\/schema\/logo\/image\/","url":"https:\/\/www.destilerias-sinc.com\/wp-content\/uploads\/logo.svg","contentUrl":"https:\/\/www.destilerias-sinc.com\/wp-content\/uploads\/logo.svg","width":254.85,"height":104.76,"caption":"Destiler\u00edas SINC"},"image":{"@id":"https:\/\/www.destilerias-sinc.com\/de\/#\/schema\/logo\/image\/"}}]}},"_links":{"self":[{"href":"https:\/\/www.destilerias-sinc.com\/de\/wp-json\/wp\/v2\/product\/3285","targetHints":{"allow":["GET"]}}],"collection":[{"href":"https:\/\/www.destilerias-sinc.com\/de\/wp-json\/wp\/v2\/product"}],"about":[{"href":"https:\/\/www.destilerias-sinc.com\/de\/wp-json\/wp\/v2\/types\/product"}],"replies":[{"embeddable":true,"href":"https:\/\/www.destilerias-sinc.com\/de\/wp-json\/wp\/v2\/comments?post=3285"}],"wp:featuredmedia":[{"embeddable":true,"href":"https:\/\/www.destilerias-sinc.com\/de\/wp-json\/wp\/v2\/media\/3286"}],"wp:attachment":[{"href":"https:\/\/www.destilerias-sinc.com\/de\/wp-json\/wp\/v2\/media?parent=3285"}],"wp:term":[{"taxonomy":"product_brand","embeddable":true,"href":"https:\/\/www.destilerias-sinc.com\/de\/wp-json\/wp\/v2\/product_brand?post=3285"},{"taxonomy":"product_cat","embeddable":true,"href":"https:\/\/www.destilerias-sinc.com\/de\/wp-json\/wp\/v2\/product_cat?post=3285"},{"taxonomy":"product_tag","embeddable":true,"href":"https:\/\/www.destilerias-sinc.com\/de\/wp-json\/wp\/v2\/product_tag?post=3285"}],"curies":[{"name":"wp","href":"https:\/\/api.w.org\/{rel}","templated":true}]}}