{"id":3297,"date":"2025-02-26T16:19:47","date_gmt":"2025-02-26T15:19:47","guid":{"rendered":"https:\/\/www.destilerias-sinc.com\/producto\/icelandic-roter-likoer\/"},"modified":"2025-02-26T16:19:47","modified_gmt":"2025-02-26T15:19:47","slug":"icelandic-roter-likoer","status":"publish","type":"product","link":"https:\/\/www.destilerias-sinc.com\/de\/producto\/icelandic-roter-likoer\/","title":{"rendered":"Icelandic roter Lik\u00f6r"},"content":{"rendered":"<p>Im Sortiment der isl\u00e4ndischen Wodka-Lik\u00f6re finden Sie dieses k\u00f6stliche und abwechslungsreiche Getr\u00e4nk. Probieren Sie es aus und Sie werden sehen, wie Ihnen Icelandic roter Wodka wie kein anderes Destillat den exquisiten Geschmack der leckersten Fr\u00fcchte des Waldes bietet.<br \/>\n Icelandic roter Wodka ist die ideale Erg\u00e4nzung zu unserem raffinierten Icelandic Wodka. Er spielt perfekt mit der erstaunlichen Kombination zwischen dem \u00fcblichen Wodka und den leckeren roten Fr\u00fcchten. Das Endprodukt ist ein k\u00f6stlicher, authentischer und nat\u00fcrlicher Lik\u00f6r, der sich perfekt nach Belieben gemischt trinken l\u00e4sst, allein mit Eis oder als Shot.<br \/>\n Der Geschmack roter Fr\u00fcchte auf Ihrem Gaumen wird Ihnen sicherlich ein einzigartiges Erlebnis bescheren. Wissen Sie, wie man es zubereitet? Eine sehr gute M\u00f6glichkeit, dies zu tun, besteht darin, zwei Teile Icelandic roten Wodka mit einem Teil saftigem und w\u00fcrzigem Orangensaft zu mischen. Und wie immer mit viel Crushed Ice. Es ist ein perfekter Cocktail f\u00fcr jede Jahreszeit, besonders im Sommer.<br \/>\n Lassen Sie sich von diesem unverwechselbaren und erlesenen Geschmacksmix mitrei\u00dfen. Nur mit Icelandic rotem Wodka, einem Getr\u00e4nk f\u00fcr alle, die sich zu allem trauen. <\/p>\n","protected":false},"excerpt":{"rendered":"<p>Icelandic roter Wodka bietet den exquisiten Geschmack roter Beeren in Kombination mit unserem raffinierten Icelandic Wodka. Das Ergebnis ist ein origineller Lik\u00f6r, der sich hervorragend kalt als Shot oder in einem langen Glas mit Eis trinken l\u00e4sst. <\/p>\n","protected":false},"featured_media":1643,"comment_status":"closed","ping_status":"open","template":"","meta":[],"product_brand":[],"product_cat":[236],"product_tag":[],"class_list":{"0":"post-3297","1":"product","2":"type-product","3":"status-publish","4":"has-post-thumbnail","6":"product_cat-vodka","8":"first","9":"instock","10":"taxable","11":"shipping-taxable","12":"purchasable","13":"product-type-simple"},"yoast_head":"<!-- This site is optimized with the Yoast SEO plugin v27.3 - https:\/\/yoast.com\/product\/yoast-seo-wordpress\/ -->\n<title>Icelandic roter Lik\u00f6r - Destiler\u00edas SINC<\/title>\n<meta name=\"robots\" content=\"index, follow, max-snippet:-1, max-image-preview:large, max-video-preview:-1\" \/>\n<link rel=\"canonical\" href=\"https:\/\/www.destilerias-sinc.com\/de\/producto\/icelandic-roter-likoer\/\" \/>\n<meta property=\"og:locale\" content=\"de_DE\" \/>\n<meta property=\"og:type\" content=\"article\" \/>\n<meta property=\"og:title\" content=\"Icelandic roter Lik\u00f6r - Destiler\u00edas SINC\" \/>\n<meta property=\"og:description\" content=\"Icelandic roter Wodka bietet den exquisiten Geschmack roter Beeren in Kombination mit unserem raffinierten Icelandic Wodka. Das Ergebnis ist ein origineller Lik\u00f6r, der sich hervorragend kalt als Shot oder in einem langen Glas mit Eis trinken l\u00e4sst.\" \/>\n<meta property=\"og:url\" content=\"https:\/\/www.destilerias-sinc.com\/de\/producto\/icelandic-roter-likoer\/\" \/>\n<meta property=\"og:site_name\" content=\"Destiler\u00edas SINC\" \/>\n<meta property=\"og:image\" content=\"https:\/\/www.destilerias-sinc.com\/wp-content\/uploads\/Red-vdk.jpg\" \/>\n\t<meta property=\"og:image:width\" content=\"2000\" \/>\n\t<meta property=\"og:image:height\" content=\"2000\" \/>\n\t<meta property=\"og:image:type\" content=\"image\/jpeg\" \/>\n<meta name=\"twitter:card\" content=\"summary_large_image\" \/>\n<meta name=\"twitter:label1\" content=\"Gesch\u00e4tzte Lesezeit\" \/>\n\t<meta name=\"twitter:data1\" content=\"1\u00a0Minute\" \/>\n<script type=\"application\/ld+json\" class=\"yoast-schema-graph\">{\"@context\":\"https:\\\/\\\/schema.org\",\"@graph\":[{\"@type\":\"WebPage\",\"@id\":\"https:\\\/\\\/www.destilerias-sinc.com\\\/de\\\/producto\\\/icelandic-roter-likoer\\\/\",\"url\":\"https:\\\/\\\/www.destilerias-sinc.com\\\/de\\\/producto\\\/icelandic-roter-likoer\\\/\",\"name\":\"Icelandic roter Lik\u00f6r - Destiler\u00edas SINC\",\"isPartOf\":{\"@id\":\"https:\\\/\\\/www.destilerias-sinc.com\\\/de\\\/#website\"},\"primaryImageOfPage\":{\"@id\":\"https:\\\/\\\/www.destilerias-sinc.com\\\/de\\\/producto\\\/icelandic-roter-likoer\\\/#primaryimage\"},\"image\":{\"@id\":\"https:\\\/\\\/www.destilerias-sinc.com\\\/de\\\/producto\\\/icelandic-roter-likoer\\\/#primaryimage\"},\"thumbnailUrl\":\"https:\\\/\\\/www.destilerias-sinc.com\\\/wp-content\\\/uploads\\\/Red-vdk.jpg\",\"datePublished\":\"2025-02-26T15:19:47+00:00\",\"breadcrumb\":{\"@id\":\"https:\\\/\\\/www.destilerias-sinc.com\\\/de\\\/producto\\\/icelandic-roter-likoer\\\/#breadcrumb\"},\"inLanguage\":\"de\",\"potentialAction\":[{\"@type\":\"ReadAction\",\"target\":[\"https:\\\/\\\/www.destilerias-sinc.com\\\/de\\\/producto\\\/icelandic-roter-likoer\\\/\"]}]},{\"@type\":\"ImageObject\",\"inLanguage\":\"de\",\"@id\":\"https:\\\/\\\/www.destilerias-sinc.com\\\/de\\\/producto\\\/icelandic-roter-likoer\\\/#primaryimage\",\"url\":\"https:\\\/\\\/www.destilerias-sinc.com\\\/wp-content\\\/uploads\\\/Red-vdk.jpg\",\"contentUrl\":\"https:\\\/\\\/www.destilerias-sinc.com\\\/wp-content\\\/uploads\\\/Red-vdk.jpg\",\"width\":2000,\"height\":2000,\"caption\":\"Icelandic Red Vodka\"},{\"@type\":\"BreadcrumbList\",\"@id\":\"https:\\\/\\\/www.destilerias-sinc.com\\\/de\\\/producto\\\/icelandic-roter-likoer\\\/#breadcrumb\",\"itemListElement\":[{\"@type\":\"ListItem\",\"position\":1,\"name\":\"Portada\",\"item\":\"https:\\\/\\\/www.destilerias-sinc.com\\\/de\\\/\"},{\"@type\":\"ListItem\",\"position\":2,\"name\":\"Shop\",\"item\":\"https:\\\/\\\/www.destilerias-sinc.com\\\/de\\\/shop\\\/\"},{\"@type\":\"ListItem\",\"position\":3,\"name\":\"Icelandic roter Lik\u00f6r\"}]},{\"@type\":\"WebSite\",\"@id\":\"https:\\\/\\\/www.destilerias-sinc.com\\\/de\\\/#website\",\"url\":\"https:\\\/\\\/www.destilerias-sinc.com\\\/de\\\/\",\"name\":\"Destiler\u00edas SINC\",\"description\":\"M\u00e1s que licores, construimos momentos\",\"publisher\":{\"@id\":\"https:\\\/\\\/www.destilerias-sinc.com\\\/de\\\/#organization\"},\"potentialAction\":[{\"@type\":\"SearchAction\",\"target\":{\"@type\":\"EntryPoint\",\"urlTemplate\":\"https:\\\/\\\/www.destilerias-sinc.com\\\/de\\\/?s={search_term_string}\"},\"query-input\":{\"@type\":\"PropertyValueSpecification\",\"valueRequired\":true,\"valueName\":\"search_term_string\"}}],\"inLanguage\":\"de\"},{\"@type\":\"Organization\",\"@id\":\"https:\\\/\\\/www.destilerias-sinc.com\\\/de\\\/#organization\",\"name\":\"Destiler\u00edas SINC\",\"url\":\"https:\\\/\\\/www.destilerias-sinc.com\\\/de\\\/\",\"logo\":{\"@type\":\"ImageObject\",\"inLanguage\":\"de\",\"@id\":\"https:\\\/\\\/www.destilerias-sinc.com\\\/de\\\/#\\\/schema\\\/logo\\\/image\\\/\",\"url\":\"https:\\\/\\\/www.destilerias-sinc.com\\\/wp-content\\\/uploads\\\/logo.svg\",\"contentUrl\":\"https:\\\/\\\/www.destilerias-sinc.com\\\/wp-content\\\/uploads\\\/logo.svg\",\"width\":254.85,\"height\":104.76,\"caption\":\"Destiler\u00edas SINC\"},\"image\":{\"@id\":\"https:\\\/\\\/www.destilerias-sinc.com\\\/de\\\/#\\\/schema\\\/logo\\\/image\\\/\"}}]}<\/script>\n<!-- \/ Yoast SEO plugin. -->","yoast_head_json":{"title":"Icelandic roter Lik\u00f6r - Destiler\u00edas SINC","robots":{"index":"index","follow":"follow","max-snippet":"max-snippet:-1","max-image-preview":"max-image-preview:large","max-video-preview":"max-video-preview:-1"},"canonical":"https:\/\/www.destilerias-sinc.com\/de\/producto\/icelandic-roter-likoer\/","og_locale":"de_DE","og_type":"article","og_title":"Icelandic roter Lik\u00f6r - Destiler\u00edas SINC","og_description":"Icelandic roter Wodka bietet den exquisiten Geschmack roter Beeren in Kombination mit unserem raffinierten Icelandic Wodka. Das Ergebnis ist ein origineller Lik\u00f6r, der sich hervorragend kalt als Shot oder in einem langen Glas mit Eis trinken l\u00e4sst.","og_url":"https:\/\/www.destilerias-sinc.com\/de\/producto\/icelandic-roter-likoer\/","og_site_name":"Destiler\u00edas SINC","og_image":[{"width":2000,"height":2000,"url":"https:\/\/www.destilerias-sinc.com\/wp-content\/uploads\/Red-vdk.jpg","type":"image\/jpeg"}],"twitter_card":"summary_large_image","twitter_misc":{"Gesch\u00e4tzte Lesezeit":"1\u00a0Minute"},"schema":{"@context":"https:\/\/schema.org","@graph":[{"@type":"WebPage","@id":"https:\/\/www.destilerias-sinc.com\/de\/producto\/icelandic-roter-likoer\/","url":"https:\/\/www.destilerias-sinc.com\/de\/producto\/icelandic-roter-likoer\/","name":"Icelandic roter Lik\u00f6r - Destiler\u00edas SINC","isPartOf":{"@id":"https:\/\/www.destilerias-sinc.com\/de\/#website"},"primaryImageOfPage":{"@id":"https:\/\/www.destilerias-sinc.com\/de\/producto\/icelandic-roter-likoer\/#primaryimage"},"image":{"@id":"https:\/\/www.destilerias-sinc.com\/de\/producto\/icelandic-roter-likoer\/#primaryimage"},"thumbnailUrl":"https:\/\/www.destilerias-sinc.com\/wp-content\/uploads\/Red-vdk.jpg","datePublished":"2025-02-26T15:19:47+00:00","breadcrumb":{"@id":"https:\/\/www.destilerias-sinc.com\/de\/producto\/icelandic-roter-likoer\/#breadcrumb"},"inLanguage":"de","potentialAction":[{"@type":"ReadAction","target":["https:\/\/www.destilerias-sinc.com\/de\/producto\/icelandic-roter-likoer\/"]}]},{"@type":"ImageObject","inLanguage":"de","@id":"https:\/\/www.destilerias-sinc.com\/de\/producto\/icelandic-roter-likoer\/#primaryimage","url":"https:\/\/www.destilerias-sinc.com\/wp-content\/uploads\/Red-vdk.jpg","contentUrl":"https:\/\/www.destilerias-sinc.com\/wp-content\/uploads\/Red-vdk.jpg","width":2000,"height":2000,"caption":"Icelandic Red Vodka"},{"@type":"BreadcrumbList","@id":"https:\/\/www.destilerias-sinc.com\/de\/producto\/icelandic-roter-likoer\/#breadcrumb","itemListElement":[{"@type":"ListItem","position":1,"name":"Portada","item":"https:\/\/www.destilerias-sinc.com\/de\/"},{"@type":"ListItem","position":2,"name":"Shop","item":"https:\/\/www.destilerias-sinc.com\/de\/shop\/"},{"@type":"ListItem","position":3,"name":"Icelandic roter Lik\u00f6r"}]},{"@type":"WebSite","@id":"https:\/\/www.destilerias-sinc.com\/de\/#website","url":"https:\/\/www.destilerias-sinc.com\/de\/","name":"Destiler\u00edas SINC","description":"M\u00e1s que licores, construimos momentos","publisher":{"@id":"https:\/\/www.destilerias-sinc.com\/de\/#organization"},"potentialAction":[{"@type":"SearchAction","target":{"@type":"EntryPoint","urlTemplate":"https:\/\/www.destilerias-sinc.com\/de\/?s={search_term_string}"},"query-input":{"@type":"PropertyValueSpecification","valueRequired":true,"valueName":"search_term_string"}}],"inLanguage":"de"},{"@type":"Organization","@id":"https:\/\/www.destilerias-sinc.com\/de\/#organization","name":"Destiler\u00edas SINC","url":"https:\/\/www.destilerias-sinc.com\/de\/","logo":{"@type":"ImageObject","inLanguage":"de","@id":"https:\/\/www.destilerias-sinc.com\/de\/#\/schema\/logo\/image\/","url":"https:\/\/www.destilerias-sinc.com\/wp-content\/uploads\/logo.svg","contentUrl":"https:\/\/www.destilerias-sinc.com\/wp-content\/uploads\/logo.svg","width":254.85,"height":104.76,"caption":"Destiler\u00edas SINC"},"image":{"@id":"https:\/\/www.destilerias-sinc.com\/de\/#\/schema\/logo\/image\/"}}]}},"_links":{"self":[{"href":"https:\/\/www.destilerias-sinc.com\/de\/wp-json\/wp\/v2\/product\/3297","targetHints":{"allow":["GET"]}}],"collection":[{"href":"https:\/\/www.destilerias-sinc.com\/de\/wp-json\/wp\/v2\/product"}],"about":[{"href":"https:\/\/www.destilerias-sinc.com\/de\/wp-json\/wp\/v2\/types\/product"}],"replies":[{"embeddable":true,"href":"https:\/\/www.destilerias-sinc.com\/de\/wp-json\/wp\/v2\/comments?post=3297"}],"wp:featuredmedia":[{"embeddable":true,"href":"https:\/\/www.destilerias-sinc.com\/de\/wp-json\/wp\/v2\/media\/1643"}],"wp:attachment":[{"href":"https:\/\/www.destilerias-sinc.com\/de\/wp-json\/wp\/v2\/media?parent=3297"}],"wp:term":[{"taxonomy":"product_brand","embeddable":true,"href":"https:\/\/www.destilerias-sinc.com\/de\/wp-json\/wp\/v2\/product_brand?post=3297"},{"taxonomy":"product_cat","embeddable":true,"href":"https:\/\/www.destilerias-sinc.com\/de\/wp-json\/wp\/v2\/product_cat?post=3297"},{"taxonomy":"product_tag","embeddable":true,"href":"https:\/\/www.destilerias-sinc.com\/de\/wp-json\/wp\/v2\/product_tag?post=3297"}],"curies":[{"name":"wp","href":"https:\/\/api.w.org\/{rel}","templated":true}]}}