{"id":3299,"date":"2025-02-26T16:19:47","date_gmt":"2025-02-26T15:19:47","guid":{"rendered":"https:\/\/www.destilerias-sinc.com\/producto\/icelandic-blauer-likoer\/"},"modified":"2026-03-04T16:20:29","modified_gmt":"2026-03-04T15:20:29","slug":"icelandic-blauer-likoer","status":"publish","type":"product","link":"https:\/\/www.destilerias-sinc.com\/de\/producto\/icelandic-blauer-likoer\/","title":{"rendered":"Icelandic blauer Lik\u00f6r"},"content":{"rendered":"<p>Icelandic blauer Wodka ist ein neues blaues Spirituosengetr\u00e4nk. Es wird Sie \u00fcberraschen, denn es wird aus ungew\u00f6hnlichen und leckeren Waldfr\u00fcchten hergestellt. Dieser Wodka-Lik\u00f6r ist, wie die anderen im Icelandic Sortiment, von hoher Qualit\u00e4t und perfekt f\u00fcr jeden Moment. Es stellt eine neue Idee bei Cocktails dar, die darauf abzielt, Sie durch ihren Geschmack an andere Orte zu entf\u00fchren.<br \/>\n Icelandic blauer Wodka ist ein eigenartiger Lik\u00f6r mit einem charakteristischen und leuchtend blauen Farbton. Es ist das Ergebnis der Kombination von authentischem Icelandic Wodka und einer Auswahl wilder Waldfr\u00fcchte. Sobald Sie es probieren, werden Sie feststellen, dass es einen weichen und k\u00f6stlichen Geschmack und eine erfrischende Textur hat \u2013 Sie werden es lieben!<br \/>\n Dieses blaue Destillat ist ein guter Begleiter in jeder Situation. Es ist sowohl zum Trinken mit Eis als auch zum Trinken in Form eines Shots geeignet. Mit dem Icelandic blauen Wodka verleihen Sie Ihren Getr\u00e4nken einen besonderen Farbtupfer und sorgen f\u00fcr den Geschmack der k\u00f6stlichsten Beeren aus dem Wald.<br \/>\n Wir von Licores Sinc empfehlen Ihnen, mit diesem blauen Wodka Ihre eigene Mischung zuzubereiten. Wir bieten Ihnen eine sehr gute und originelle Option:<br \/>\nErstens darf einer der wichtigsten Bestandteile eines jeden Cocktails nicht fehlen: viel zersto\u00dfenes Eis. Dann f\u00fcgen Sie 1\/2 Teil Icelandic Wodka und 1 Teil Icelandic blauen Wodka hinzu. Um dem Ganzen den letzten Schliff zu geben, f\u00fcgen Sie schlie\u00dflich 1\/4 Teil Lima Sinc und ein paar Minzbl\u00e4tter hinzu.<br \/>\n Es ist ein sehr einfaches Rezept, mit dem Sie die Eigenschaften unserer Destillate optimal nutzen k\u00f6nnen. Sowohl Icelandic blauer Wodka als auch alle anderen Getr\u00e4nke, mit denen er gemischt werden kann.<br \/>\n Genie\u00dfen Sie eine neue Geschmacksrichtung des Icelandic blauen Wodkas, dieses facettenreichen, alkoholarmen Getr\u00e4nks, das nach Belieben kombiniert werden kann.<\/p>\n","protected":false},"excerpt":{"rendered":"<p>Icelandic blauer Wodka ist ein besonderer Lik\u00f6r mit einer charakteristischen blauen Farbe, das Ergebnis der Kombination von authentischem Icelandic Wodka und einer Auswahl der k\u00f6stlichsten Beeren aus dem Wald.<\/p>\n","protected":false},"featured_media":1582,"comment_status":"closed","ping_status":"open","template":"","meta":[],"product_brand":[],"product_cat":[236],"product_tag":[],"class_list":{"0":"post-3299","1":"product","2":"type-product","3":"status-publish","4":"has-post-thumbnail","6":"product_cat-vodka","8":"first","9":"instock","10":"taxable","11":"shipping-taxable","12":"purchasable","13":"product-type-simple"},"yoast_head":"<!-- This site is optimized with the Yoast SEO plugin v27.3 - https:\/\/yoast.com\/product\/yoast-seo-wordpress\/ -->\n<title>Icelandic blauer Lik\u00f6r - Destiler\u00edas SINC<\/title>\n<meta name=\"robots\" content=\"index, follow, max-snippet:-1, max-image-preview:large, max-video-preview:-1\" \/>\n<link rel=\"canonical\" href=\"https:\/\/www.destilerias-sinc.com\/de\/producto\/icelandic-blauer-likoer\/\" \/>\n<meta property=\"og:locale\" content=\"de_DE\" \/>\n<meta property=\"og:type\" content=\"article\" \/>\n<meta property=\"og:title\" content=\"Icelandic blauer Lik\u00f6r - Destiler\u00edas SINC\" \/>\n<meta property=\"og:description\" content=\"Icelandic blauer Wodka ist ein besonderer Lik\u00f6r mit einer charakteristischen blauen Farbe, das Ergebnis der Kombination von authentischem Icelandic Wodka und einer Auswahl der k\u00f6stlichsten Beeren aus dem Wald.\" \/>\n<meta property=\"og:url\" content=\"https:\/\/www.destilerias-sinc.com\/de\/producto\/icelandic-blauer-likoer\/\" \/>\n<meta property=\"og:site_name\" content=\"Destiler\u00edas SINC\" \/>\n<meta property=\"article:modified_time\" content=\"2026-03-04T15:20:29+00:00\" \/>\n<meta property=\"og:image\" content=\"https:\/\/www.destilerias-sinc.com\/wp-content\/uploads\/Blue-vdk.jpg\" \/>\n\t<meta property=\"og:image:width\" content=\"2000\" \/>\n\t<meta property=\"og:image:height\" content=\"2000\" \/>\n\t<meta property=\"og:image:type\" content=\"image\/jpeg\" \/>\n<meta name=\"twitter:card\" content=\"summary_large_image\" \/>\n<meta name=\"twitter:label1\" content=\"Gesch\u00e4tzte Lesezeit\" \/>\n\t<meta name=\"twitter:data1\" content=\"1\u00a0Minute\" \/>\n<script type=\"application\/ld+json\" class=\"yoast-schema-graph\">{\"@context\":\"https:\\\/\\\/schema.org\",\"@graph\":[{\"@type\":\"WebPage\",\"@id\":\"https:\\\/\\\/www.destilerias-sinc.com\\\/de\\\/producto\\\/icelandic-blauer-likoer\\\/\",\"url\":\"https:\\\/\\\/www.destilerias-sinc.com\\\/de\\\/producto\\\/icelandic-blauer-likoer\\\/\",\"name\":\"Icelandic blauer Lik\u00f6r - Destiler\u00edas SINC\",\"isPartOf\":{\"@id\":\"https:\\\/\\\/www.destilerias-sinc.com\\\/de\\\/#website\"},\"primaryImageOfPage\":{\"@id\":\"https:\\\/\\\/www.destilerias-sinc.com\\\/de\\\/producto\\\/icelandic-blauer-likoer\\\/#primaryimage\"},\"image\":{\"@id\":\"https:\\\/\\\/www.destilerias-sinc.com\\\/de\\\/producto\\\/icelandic-blauer-likoer\\\/#primaryimage\"},\"thumbnailUrl\":\"https:\\\/\\\/www.destilerias-sinc.com\\\/wp-content\\\/uploads\\\/Blue-vdk.jpg\",\"datePublished\":\"2025-02-26T15:19:47+00:00\",\"dateModified\":\"2026-03-04T15:20:29+00:00\",\"breadcrumb\":{\"@id\":\"https:\\\/\\\/www.destilerias-sinc.com\\\/de\\\/producto\\\/icelandic-blauer-likoer\\\/#breadcrumb\"},\"inLanguage\":\"de\",\"potentialAction\":[{\"@type\":\"ReadAction\",\"target\":[\"https:\\\/\\\/www.destilerias-sinc.com\\\/de\\\/producto\\\/icelandic-blauer-likoer\\\/\"]}]},{\"@type\":\"ImageObject\",\"inLanguage\":\"de\",\"@id\":\"https:\\\/\\\/www.destilerias-sinc.com\\\/de\\\/producto\\\/icelandic-blauer-likoer\\\/#primaryimage\",\"url\":\"https:\\\/\\\/www.destilerias-sinc.com\\\/wp-content\\\/uploads\\\/Blue-vdk.jpg\",\"contentUrl\":\"https:\\\/\\\/www.destilerias-sinc.com\\\/wp-content\\\/uploads\\\/Blue-vdk.jpg\",\"width\":2000,\"height\":2000,\"caption\":\"Vodka Icelandic Blue\"},{\"@type\":\"BreadcrumbList\",\"@id\":\"https:\\\/\\\/www.destilerias-sinc.com\\\/de\\\/producto\\\/icelandic-blauer-likoer\\\/#breadcrumb\",\"itemListElement\":[{\"@type\":\"ListItem\",\"position\":1,\"name\":\"Portada\",\"item\":\"https:\\\/\\\/www.destilerias-sinc.com\\\/de\\\/\"},{\"@type\":\"ListItem\",\"position\":2,\"name\":\"Shop\",\"item\":\"https:\\\/\\\/www.destilerias-sinc.com\\\/de\\\/shop\\\/\"},{\"@type\":\"ListItem\",\"position\":3,\"name\":\"Icelandic blauer Lik\u00f6r\"}]},{\"@type\":\"WebSite\",\"@id\":\"https:\\\/\\\/www.destilerias-sinc.com\\\/de\\\/#website\",\"url\":\"https:\\\/\\\/www.destilerias-sinc.com\\\/de\\\/\",\"name\":\"Destiler\u00edas SINC\",\"description\":\"M\u00e1s que licores, construimos momentos\",\"publisher\":{\"@id\":\"https:\\\/\\\/www.destilerias-sinc.com\\\/de\\\/#organization\"},\"potentialAction\":[{\"@type\":\"SearchAction\",\"target\":{\"@type\":\"EntryPoint\",\"urlTemplate\":\"https:\\\/\\\/www.destilerias-sinc.com\\\/de\\\/?s={search_term_string}\"},\"query-input\":{\"@type\":\"PropertyValueSpecification\",\"valueRequired\":true,\"valueName\":\"search_term_string\"}}],\"inLanguage\":\"de\"},{\"@type\":\"Organization\",\"@id\":\"https:\\\/\\\/www.destilerias-sinc.com\\\/de\\\/#organization\",\"name\":\"Destiler\u00edas SINC\",\"url\":\"https:\\\/\\\/www.destilerias-sinc.com\\\/de\\\/\",\"logo\":{\"@type\":\"ImageObject\",\"inLanguage\":\"de\",\"@id\":\"https:\\\/\\\/www.destilerias-sinc.com\\\/de\\\/#\\\/schema\\\/logo\\\/image\\\/\",\"url\":\"https:\\\/\\\/www.destilerias-sinc.com\\\/wp-content\\\/uploads\\\/logo.svg\",\"contentUrl\":\"https:\\\/\\\/www.destilerias-sinc.com\\\/wp-content\\\/uploads\\\/logo.svg\",\"width\":254.85,\"height\":104.76,\"caption\":\"Destiler\u00edas SINC\"},\"image\":{\"@id\":\"https:\\\/\\\/www.destilerias-sinc.com\\\/de\\\/#\\\/schema\\\/logo\\\/image\\\/\"}}]}<\/script>\n<!-- \/ Yoast SEO plugin. -->","yoast_head_json":{"title":"Icelandic blauer Lik\u00f6r - Destiler\u00edas SINC","robots":{"index":"index","follow":"follow","max-snippet":"max-snippet:-1","max-image-preview":"max-image-preview:large","max-video-preview":"max-video-preview:-1"},"canonical":"https:\/\/www.destilerias-sinc.com\/de\/producto\/icelandic-blauer-likoer\/","og_locale":"de_DE","og_type":"article","og_title":"Icelandic blauer Lik\u00f6r - Destiler\u00edas SINC","og_description":"Icelandic blauer Wodka ist ein besonderer Lik\u00f6r mit einer charakteristischen blauen Farbe, das Ergebnis der Kombination von authentischem Icelandic Wodka und einer Auswahl der k\u00f6stlichsten Beeren aus dem Wald.","og_url":"https:\/\/www.destilerias-sinc.com\/de\/producto\/icelandic-blauer-likoer\/","og_site_name":"Destiler\u00edas SINC","article_modified_time":"2026-03-04T15:20:29+00:00","og_image":[{"width":2000,"height":2000,"url":"https:\/\/www.destilerias-sinc.com\/wp-content\/uploads\/Blue-vdk.jpg","type":"image\/jpeg"}],"twitter_card":"summary_large_image","twitter_misc":{"Gesch\u00e4tzte Lesezeit":"1\u00a0Minute"},"schema":{"@context":"https:\/\/schema.org","@graph":[{"@type":"WebPage","@id":"https:\/\/www.destilerias-sinc.com\/de\/producto\/icelandic-blauer-likoer\/","url":"https:\/\/www.destilerias-sinc.com\/de\/producto\/icelandic-blauer-likoer\/","name":"Icelandic blauer Lik\u00f6r - Destiler\u00edas SINC","isPartOf":{"@id":"https:\/\/www.destilerias-sinc.com\/de\/#website"},"primaryImageOfPage":{"@id":"https:\/\/www.destilerias-sinc.com\/de\/producto\/icelandic-blauer-likoer\/#primaryimage"},"image":{"@id":"https:\/\/www.destilerias-sinc.com\/de\/producto\/icelandic-blauer-likoer\/#primaryimage"},"thumbnailUrl":"https:\/\/www.destilerias-sinc.com\/wp-content\/uploads\/Blue-vdk.jpg","datePublished":"2025-02-26T15:19:47+00:00","dateModified":"2026-03-04T15:20:29+00:00","breadcrumb":{"@id":"https:\/\/www.destilerias-sinc.com\/de\/producto\/icelandic-blauer-likoer\/#breadcrumb"},"inLanguage":"de","potentialAction":[{"@type":"ReadAction","target":["https:\/\/www.destilerias-sinc.com\/de\/producto\/icelandic-blauer-likoer\/"]}]},{"@type":"ImageObject","inLanguage":"de","@id":"https:\/\/www.destilerias-sinc.com\/de\/producto\/icelandic-blauer-likoer\/#primaryimage","url":"https:\/\/www.destilerias-sinc.com\/wp-content\/uploads\/Blue-vdk.jpg","contentUrl":"https:\/\/www.destilerias-sinc.com\/wp-content\/uploads\/Blue-vdk.jpg","width":2000,"height":2000,"caption":"Vodka Icelandic Blue"},{"@type":"BreadcrumbList","@id":"https:\/\/www.destilerias-sinc.com\/de\/producto\/icelandic-blauer-likoer\/#breadcrumb","itemListElement":[{"@type":"ListItem","position":1,"name":"Portada","item":"https:\/\/www.destilerias-sinc.com\/de\/"},{"@type":"ListItem","position":2,"name":"Shop","item":"https:\/\/www.destilerias-sinc.com\/de\/shop\/"},{"@type":"ListItem","position":3,"name":"Icelandic blauer Lik\u00f6r"}]},{"@type":"WebSite","@id":"https:\/\/www.destilerias-sinc.com\/de\/#website","url":"https:\/\/www.destilerias-sinc.com\/de\/","name":"Destiler\u00edas SINC","description":"M\u00e1s que licores, construimos momentos","publisher":{"@id":"https:\/\/www.destilerias-sinc.com\/de\/#organization"},"potentialAction":[{"@type":"SearchAction","target":{"@type":"EntryPoint","urlTemplate":"https:\/\/www.destilerias-sinc.com\/de\/?s={search_term_string}"},"query-input":{"@type":"PropertyValueSpecification","valueRequired":true,"valueName":"search_term_string"}}],"inLanguage":"de"},{"@type":"Organization","@id":"https:\/\/www.destilerias-sinc.com\/de\/#organization","name":"Destiler\u00edas SINC","url":"https:\/\/www.destilerias-sinc.com\/de\/","logo":{"@type":"ImageObject","inLanguage":"de","@id":"https:\/\/www.destilerias-sinc.com\/de\/#\/schema\/logo\/image\/","url":"https:\/\/www.destilerias-sinc.com\/wp-content\/uploads\/logo.svg","contentUrl":"https:\/\/www.destilerias-sinc.com\/wp-content\/uploads\/logo.svg","width":254.85,"height":104.76,"caption":"Destiler\u00edas SINC"},"image":{"@id":"https:\/\/www.destilerias-sinc.com\/de\/#\/schema\/logo\/image\/"}}]}},"_links":{"self":[{"href":"https:\/\/www.destilerias-sinc.com\/de\/wp-json\/wp\/v2\/product\/3299","targetHints":{"allow":["GET"]}}],"collection":[{"href":"https:\/\/www.destilerias-sinc.com\/de\/wp-json\/wp\/v2\/product"}],"about":[{"href":"https:\/\/www.destilerias-sinc.com\/de\/wp-json\/wp\/v2\/types\/product"}],"replies":[{"embeddable":true,"href":"https:\/\/www.destilerias-sinc.com\/de\/wp-json\/wp\/v2\/comments?post=3299"}],"wp:featuredmedia":[{"embeddable":true,"href":"https:\/\/www.destilerias-sinc.com\/de\/wp-json\/wp\/v2\/media\/1582"}],"wp:attachment":[{"href":"https:\/\/www.destilerias-sinc.com\/de\/wp-json\/wp\/v2\/media?parent=3299"}],"wp:term":[{"taxonomy":"product_brand","embeddable":true,"href":"https:\/\/www.destilerias-sinc.com\/de\/wp-json\/wp\/v2\/product_brand?post=3299"},{"taxonomy":"product_cat","embeddable":true,"href":"https:\/\/www.destilerias-sinc.com\/de\/wp-json\/wp\/v2\/product_cat?post=3299"},{"taxonomy":"product_tag","embeddable":true,"href":"https:\/\/www.destilerias-sinc.com\/de\/wp-json\/wp\/v2\/product_tag?post=3299"}],"curies":[{"name":"wp","href":"https:\/\/api.w.org\/{rel}","templated":true}]}}