{"id":3318,"date":"2025-02-26T16:19:47","date_gmt":"2025-02-26T15:19:47","guid":{"rendered":"https:\/\/www.destilerias-sinc.com\/producto\/baoruco-21-rum-geschenkset\/"},"modified":"2025-02-26T16:19:47","modified_gmt":"2025-02-26T15:19:47","slug":"baoruco-21-rum-geschenkset","status":"publish","type":"product","link":"https:\/\/www.destilerias-sinc.com\/de\/producto\/baoruco-21-rum-geschenkset\/","title":{"rendered":"Baoruco 21 Rum Geschenkset"},"content":{"rendered":"<p>Baoruco 21 Rum verk\u00f6rpert die ultimative Reinheit und Tradition der Dominikanischen Republik bei der Reifung feinster Zuckerrohrbr\u00e4nde. Aus einer Pionierregion in der Herstellung dieses Getr\u00e4nks stammend, musste unser Rum den hohen Erwartungen gerecht werden.<br \/>\n Rum wird in einem langsamen und sorgf\u00e4ltigen Prozess nach einer Originalrezeptur und unter Einhaltung strenger dominikanischer Standards hergestellt. Ein wesentlicher Bestandteil der Rumg\u00e4rung ist Melasse, ein Zuckerrohrprodukt, das den Zucker in Alkohol umwandelt. Diese Pflanze ist der wichtigste Rohstoff f\u00fcr die Rumproduktion, da sie Aroma, Geschmack und Charakter des Rums ma\u00dfgeblich bestimmt.<br \/>\n Anschlie\u00dfend wird Quellwasser von h\u00f6chster Reinheit hinzugef\u00fcgt, dessen sehr hohe Qualit\u00e4t f\u00fcr die Herstellung dieses Baoruco 21 Rums von gro\u00dfer Bedeutung ist.<br \/>\n Im n\u00e4chsten Schritt erfolgt die Destillation in einer Brennblase, um Verunreinigungen aus dem Alkohol zu entfernen. Dieses Verfahren, das in der Rumherstellung eine lange Tradition hat, ist Produkten von gro\u00dfer Komplexit\u00e4t und nachgewiesener Qualit\u00e4t vorbehalten.<br \/>\n Die Reifung erfolgt schlie\u00dflich in F\u00e4ssern aus amerikanischer Eiche. Sauerstoff aus der Luft dringt durch die Poren des Fasses und oxidiert die Alkohole zu Aldehyden und diese wiederum zu S\u00e4uren. Dar\u00fcber hinaus verleiht die geringe Gr\u00f6\u00dfe dieser F\u00e4sser dem Destillat elegante Aromen wie Vanille und einen ausgepr\u00e4gten K\u00f6rper.<br \/>\n Ziel des gesamten Prozesses ist es, den unverwechselbaren Geschmack von Baoruco 21 zu erhalten.<br \/>\n Das Endprodukt ist ein Premium-Rum, der in sehr begrenzten und kontrollierten Mengen hergestellt wird. Baoruco-Produkte sind Spirituosen, die den Gaumen verw\u00f6hnen, und dieser 21-j\u00e4hrige Rum ist die ultimative Premium-Delikatesse. <\/p>\n","protected":false},"excerpt":{"rendered":"<p>Der h\u00f6chste Ausdruck an Reinheit und dominikanischer Tradition in der langsamen und ruhigen Reifung der erlesensten Zuckerrohr-Destillate ist Ron Baoruco 21.<\/p>\n","protected":false},"featured_media":3320,"comment_status":"closed","ping_status":"closed","template":"","meta":[],"product_brand":[],"product_cat":[238],"product_tag":[232],"class_list":{"0":"post-3318","1":"product","2":"type-product","3":"status-publish","4":"has-post-thumbnail","6":"product_cat-rum","7":"product_tag-premium","9":"first","10":"instock","11":"taxable","12":"shipping-taxable","13":"purchasable","14":"product-type-simple"},"yoast_head":"<!-- This site is optimized with the Yoast SEO plugin v27.3 - https:\/\/yoast.com\/product\/yoast-seo-wordpress\/ -->\n<title>Baoruco 21 Rum Geschenkset - Destiler\u00edas SINC<\/title>\n<meta name=\"robots\" content=\"index, follow, max-snippet:-1, max-image-preview:large, max-video-preview:-1\" \/>\n<link rel=\"canonical\" href=\"https:\/\/www.destilerias-sinc.com\/de\/producto\/baoruco-21-rum-geschenkset\/\" \/>\n<meta property=\"og:locale\" content=\"de_DE\" \/>\n<meta property=\"og:type\" content=\"article\" \/>\n<meta property=\"og:title\" content=\"Baoruco 21 Rum Geschenkset - Destiler\u00edas SINC\" \/>\n<meta property=\"og:description\" content=\"Der h\u00f6chste Ausdruck an Reinheit und dominikanischer Tradition in der langsamen und ruhigen Reifung der erlesensten Zuckerrohr-Destillate ist Ron Baoruco 21.\" \/>\n<meta property=\"og:url\" content=\"https:\/\/www.destilerias-sinc.com\/de\/producto\/baoruco-21-rum-geschenkset\/\" \/>\n<meta property=\"og:site_name\" content=\"Destiler\u00edas SINC\" \/>\n<meta property=\"og:image\" content=\"https:\/\/www.destilerias-sinc.com\/wp-content\/uploads\/caja-botella-ron-baoruco-21-scaled.jpg\" \/>\n\t<meta property=\"og:image:width\" content=\"2560\" \/>\n\t<meta property=\"og:image:height\" content=\"2560\" \/>\n\t<meta property=\"og:image:type\" content=\"image\/jpeg\" \/>\n<meta name=\"twitter:card\" content=\"summary_large_image\" \/>\n<meta name=\"twitter:label1\" content=\"Gesch\u00e4tzte Lesezeit\" \/>\n\t<meta name=\"twitter:data1\" content=\"1\u00a0Minute\" \/>\n<script type=\"application\/ld+json\" class=\"yoast-schema-graph\">{\"@context\":\"https:\\\/\\\/schema.org\",\"@graph\":[{\"@type\":\"WebPage\",\"@id\":\"https:\\\/\\\/www.destilerias-sinc.com\\\/de\\\/producto\\\/baoruco-21-rum-geschenkset\\\/\",\"url\":\"https:\\\/\\\/www.destilerias-sinc.com\\\/de\\\/producto\\\/baoruco-21-rum-geschenkset\\\/\",\"name\":\"Baoruco 21 Rum Geschenkset - Destiler\u00edas SINC\",\"isPartOf\":{\"@id\":\"https:\\\/\\\/www.destilerias-sinc.com\\\/de\\\/#website\"},\"primaryImageOfPage\":{\"@id\":\"https:\\\/\\\/www.destilerias-sinc.com\\\/de\\\/producto\\\/baoruco-21-rum-geschenkset\\\/#primaryimage\"},\"image\":{\"@id\":\"https:\\\/\\\/www.destilerias-sinc.com\\\/de\\\/producto\\\/baoruco-21-rum-geschenkset\\\/#primaryimage\"},\"thumbnailUrl\":\"https:\\\/\\\/www.destilerias-sinc.com\\\/wp-content\\\/uploads\\\/caja-botella-ron-baoruco-21-scaled.jpg\",\"datePublished\":\"2025-02-26T15:19:47+00:00\",\"breadcrumb\":{\"@id\":\"https:\\\/\\\/www.destilerias-sinc.com\\\/de\\\/producto\\\/baoruco-21-rum-geschenkset\\\/#breadcrumb\"},\"inLanguage\":\"de\",\"potentialAction\":[{\"@type\":\"ReadAction\",\"target\":[\"https:\\\/\\\/www.destilerias-sinc.com\\\/de\\\/producto\\\/baoruco-21-rum-geschenkset\\\/\"]}]},{\"@type\":\"ImageObject\",\"inLanguage\":\"de\",\"@id\":\"https:\\\/\\\/www.destilerias-sinc.com\\\/de\\\/producto\\\/baoruco-21-rum-geschenkset\\\/#primaryimage\",\"url\":\"https:\\\/\\\/www.destilerias-sinc.com\\\/wp-content\\\/uploads\\\/caja-botella-ron-baoruco-21-scaled.jpg\",\"contentUrl\":\"https:\\\/\\\/www.destilerias-sinc.com\\\/wp-content\\\/uploads\\\/caja-botella-ron-baoruco-21-scaled.jpg\",\"width\":2560,\"height\":2560,\"caption\":\"Caja Botella Baoruco 21\"},{\"@type\":\"BreadcrumbList\",\"@id\":\"https:\\\/\\\/www.destilerias-sinc.com\\\/de\\\/producto\\\/baoruco-21-rum-geschenkset\\\/#breadcrumb\",\"itemListElement\":[{\"@type\":\"ListItem\",\"position\":1,\"name\":\"Portada\",\"item\":\"https:\\\/\\\/www.destilerias-sinc.com\\\/de\\\/\"},{\"@type\":\"ListItem\",\"position\":2,\"name\":\"Shop\",\"item\":\"https:\\\/\\\/www.destilerias-sinc.com\\\/de\\\/shop\\\/\"},{\"@type\":\"ListItem\",\"position\":3,\"name\":\"Baoruco 21 Rum Geschenkset\"}]},{\"@type\":\"WebSite\",\"@id\":\"https:\\\/\\\/www.destilerias-sinc.com\\\/de\\\/#website\",\"url\":\"https:\\\/\\\/www.destilerias-sinc.com\\\/de\\\/\",\"name\":\"Destiler\u00edas SINC\",\"description\":\"M\u00e1s que licores, construimos momentos\",\"publisher\":{\"@id\":\"https:\\\/\\\/www.destilerias-sinc.com\\\/de\\\/#organization\"},\"potentialAction\":[{\"@type\":\"SearchAction\",\"target\":{\"@type\":\"EntryPoint\",\"urlTemplate\":\"https:\\\/\\\/www.destilerias-sinc.com\\\/de\\\/?s={search_term_string}\"},\"query-input\":{\"@type\":\"PropertyValueSpecification\",\"valueRequired\":true,\"valueName\":\"search_term_string\"}}],\"inLanguage\":\"de\"},{\"@type\":\"Organization\",\"@id\":\"https:\\\/\\\/www.destilerias-sinc.com\\\/de\\\/#organization\",\"name\":\"Destiler\u00edas SINC\",\"url\":\"https:\\\/\\\/www.destilerias-sinc.com\\\/de\\\/\",\"logo\":{\"@type\":\"ImageObject\",\"inLanguage\":\"de\",\"@id\":\"https:\\\/\\\/www.destilerias-sinc.com\\\/de\\\/#\\\/schema\\\/logo\\\/image\\\/\",\"url\":\"https:\\\/\\\/www.destilerias-sinc.com\\\/wp-content\\\/uploads\\\/logo.svg\",\"contentUrl\":\"https:\\\/\\\/www.destilerias-sinc.com\\\/wp-content\\\/uploads\\\/logo.svg\",\"width\":254.85,\"height\":104.76,\"caption\":\"Destiler\u00edas SINC\"},\"image\":{\"@id\":\"https:\\\/\\\/www.destilerias-sinc.com\\\/de\\\/#\\\/schema\\\/logo\\\/image\\\/\"}}]}<\/script>\n<!-- \/ Yoast SEO plugin. -->","yoast_head_json":{"title":"Baoruco 21 Rum Geschenkset - Destiler\u00edas SINC","robots":{"index":"index","follow":"follow","max-snippet":"max-snippet:-1","max-image-preview":"max-image-preview:large","max-video-preview":"max-video-preview:-1"},"canonical":"https:\/\/www.destilerias-sinc.com\/de\/producto\/baoruco-21-rum-geschenkset\/","og_locale":"de_DE","og_type":"article","og_title":"Baoruco 21 Rum Geschenkset - Destiler\u00edas SINC","og_description":"Der h\u00f6chste Ausdruck an Reinheit und dominikanischer Tradition in der langsamen und ruhigen Reifung der erlesensten Zuckerrohr-Destillate ist Ron Baoruco 21.","og_url":"https:\/\/www.destilerias-sinc.com\/de\/producto\/baoruco-21-rum-geschenkset\/","og_site_name":"Destiler\u00edas SINC","og_image":[{"width":2560,"height":2560,"url":"https:\/\/www.destilerias-sinc.com\/wp-content\/uploads\/caja-botella-ron-baoruco-21-scaled.jpg","type":"image\/jpeg"}],"twitter_card":"summary_large_image","twitter_misc":{"Gesch\u00e4tzte Lesezeit":"1\u00a0Minute"},"schema":{"@context":"https:\/\/schema.org","@graph":[{"@type":"WebPage","@id":"https:\/\/www.destilerias-sinc.com\/de\/producto\/baoruco-21-rum-geschenkset\/","url":"https:\/\/www.destilerias-sinc.com\/de\/producto\/baoruco-21-rum-geschenkset\/","name":"Baoruco 21 Rum Geschenkset - Destiler\u00edas SINC","isPartOf":{"@id":"https:\/\/www.destilerias-sinc.com\/de\/#website"},"primaryImageOfPage":{"@id":"https:\/\/www.destilerias-sinc.com\/de\/producto\/baoruco-21-rum-geschenkset\/#primaryimage"},"image":{"@id":"https:\/\/www.destilerias-sinc.com\/de\/producto\/baoruco-21-rum-geschenkset\/#primaryimage"},"thumbnailUrl":"https:\/\/www.destilerias-sinc.com\/wp-content\/uploads\/caja-botella-ron-baoruco-21-scaled.jpg","datePublished":"2025-02-26T15:19:47+00:00","breadcrumb":{"@id":"https:\/\/www.destilerias-sinc.com\/de\/producto\/baoruco-21-rum-geschenkset\/#breadcrumb"},"inLanguage":"de","potentialAction":[{"@type":"ReadAction","target":["https:\/\/www.destilerias-sinc.com\/de\/producto\/baoruco-21-rum-geschenkset\/"]}]},{"@type":"ImageObject","inLanguage":"de","@id":"https:\/\/www.destilerias-sinc.com\/de\/producto\/baoruco-21-rum-geschenkset\/#primaryimage","url":"https:\/\/www.destilerias-sinc.com\/wp-content\/uploads\/caja-botella-ron-baoruco-21-scaled.jpg","contentUrl":"https:\/\/www.destilerias-sinc.com\/wp-content\/uploads\/caja-botella-ron-baoruco-21-scaled.jpg","width":2560,"height":2560,"caption":"Caja Botella Baoruco 21"},{"@type":"BreadcrumbList","@id":"https:\/\/www.destilerias-sinc.com\/de\/producto\/baoruco-21-rum-geschenkset\/#breadcrumb","itemListElement":[{"@type":"ListItem","position":1,"name":"Portada","item":"https:\/\/www.destilerias-sinc.com\/de\/"},{"@type":"ListItem","position":2,"name":"Shop","item":"https:\/\/www.destilerias-sinc.com\/de\/shop\/"},{"@type":"ListItem","position":3,"name":"Baoruco 21 Rum Geschenkset"}]},{"@type":"WebSite","@id":"https:\/\/www.destilerias-sinc.com\/de\/#website","url":"https:\/\/www.destilerias-sinc.com\/de\/","name":"Destiler\u00edas SINC","description":"M\u00e1s que licores, construimos momentos","publisher":{"@id":"https:\/\/www.destilerias-sinc.com\/de\/#organization"},"potentialAction":[{"@type":"SearchAction","target":{"@type":"EntryPoint","urlTemplate":"https:\/\/www.destilerias-sinc.com\/de\/?s={search_term_string}"},"query-input":{"@type":"PropertyValueSpecification","valueRequired":true,"valueName":"search_term_string"}}],"inLanguage":"de"},{"@type":"Organization","@id":"https:\/\/www.destilerias-sinc.com\/de\/#organization","name":"Destiler\u00edas SINC","url":"https:\/\/www.destilerias-sinc.com\/de\/","logo":{"@type":"ImageObject","inLanguage":"de","@id":"https:\/\/www.destilerias-sinc.com\/de\/#\/schema\/logo\/image\/","url":"https:\/\/www.destilerias-sinc.com\/wp-content\/uploads\/logo.svg","contentUrl":"https:\/\/www.destilerias-sinc.com\/wp-content\/uploads\/logo.svg","width":254.85,"height":104.76,"caption":"Destiler\u00edas SINC"},"image":{"@id":"https:\/\/www.destilerias-sinc.com\/de\/#\/schema\/logo\/image\/"}}]}},"_links":{"self":[{"href":"https:\/\/www.destilerias-sinc.com\/de\/wp-json\/wp\/v2\/product\/3318","targetHints":{"allow":["GET"]}}],"collection":[{"href":"https:\/\/www.destilerias-sinc.com\/de\/wp-json\/wp\/v2\/product"}],"about":[{"href":"https:\/\/www.destilerias-sinc.com\/de\/wp-json\/wp\/v2\/types\/product"}],"replies":[{"embeddable":true,"href":"https:\/\/www.destilerias-sinc.com\/de\/wp-json\/wp\/v2\/comments?post=3318"}],"wp:featuredmedia":[{"embeddable":true,"href":"https:\/\/www.destilerias-sinc.com\/de\/wp-json\/wp\/v2\/media\/3320"}],"wp:attachment":[{"href":"https:\/\/www.destilerias-sinc.com\/de\/wp-json\/wp\/v2\/media?parent=3318"}],"wp:term":[{"taxonomy":"product_brand","embeddable":true,"href":"https:\/\/www.destilerias-sinc.com\/de\/wp-json\/wp\/v2\/product_brand?post=3318"},{"taxonomy":"product_cat","embeddable":true,"href":"https:\/\/www.destilerias-sinc.com\/de\/wp-json\/wp\/v2\/product_cat?post=3318"},{"taxonomy":"product_tag","embeddable":true,"href":"https:\/\/www.destilerias-sinc.com\/de\/wp-json\/wp\/v2\/product_tag?post=3318"}],"curies":[{"name":"wp","href":"https:\/\/api.w.org\/{rel}","templated":true}]}}