{"id":3332,"date":"2025-02-26T16:19:47","date_gmt":"2025-02-26T15:19:47","guid":{"rendered":"https:\/\/www.destilerias-sinc.com\/producto\/serpis-classic-55-absinth\/"},"modified":"2026-03-04T16:53:01","modified_gmt":"2026-03-04T15:53:01","slug":"serpis-classic-55-absinth","status":"publish","type":"product","link":"https:\/\/www.destilerias-sinc.com\/de\/producto\/serpis-classic-55-absinth\/","title":{"rendered":"Serpis Classic 55 Absinth"},"content":{"rendered":"<p>Serpis Classic 55% ist ein spektakul\u00e4rer Absinth von intensiv roter Farbe, der traditionell aus folgenden Zutaten hergestellt wird:<br \/>\nWermut (Artemisia absinthium) geh\u00f6rt zur Familie der Korbbl\u00fctler und wird seit der Antike f\u00fcr seine heilenden Eigenschaften gesch\u00e4tzt.<br \/>\nAnis ist eine weitere Zutat von Serpis Classic. Es ist ein mehrj\u00e4hriges, hocharomatisches Kraut, das in der K\u00fcche verwendet wird.<br \/>\n Hergestellt nach alter Rezeptur, gilt Classic 55% Absinth aufgrund seines hohen Thujongehalts als einer der komplexesten Absinthe auf dem internationalen Markt.<br \/>\n Serpis Classic 55% Absinth besticht durch sein intensives und komplexes Aroma und eignet sich daher pur, mit Wasser oder in Slush-Eis. Am besten genie\u00dft man ihn jedoch nach dem traditionellen Ritual: Man nimmt einen gelochten L\u00f6ffel mit einem Zuckerw\u00fcrfel, gie\u00dft den Absinth hinein, z\u00fcndet ihn an und verd\u00fcnnt ihn anschlie\u00dfend mit kaltem Wasser nach Geschmack.<br \/>\n Eines jener Getr\u00e4nke, das niemanden kalt l\u00e4sst. Als treue Inspirationsquelle f\u00fcr gro\u00dfe K\u00fcnstler des 19. Jahrhunderts und aufgrund seiner Wirkung umstritten, ist Serpis Classic 55% Absinth immer ein Muss. <\/p>\n","protected":false},"excerpt":{"rendered":"<p>Serpis Classic 55\u00ba Absinth ist eine einzigartige Spirituose, die, wie der Name schon sagt, einen Alkoholgehalt von 55\u00ba aufweist. Sie wird nach einem alten Rezept hergestellt und ihre Hauptzutaten sind Wermut, Fenchel und Anis. <\/p>\n","protected":false},"featured_media":1572,"comment_status":"closed","ping_status":"open","template":"","meta":[],"product_brand":[],"product_cat":[241],"product_tag":[],"class_list":{"0":"post-3332","1":"product","2":"type-product","3":"status-publish","4":"has-post-thumbnail","6":"product_cat-absinth","8":"first","9":"instock","10":"taxable","11":"shipping-taxable","12":"purchasable","13":"product-type-simple"},"yoast_head":"<!-- This site is optimized with the Yoast SEO plugin v27.3 - https:\/\/yoast.com\/product\/yoast-seo-wordpress\/ -->\n<title>Serpis Classic 55 Absinth - Destiler\u00edas SINC<\/title>\n<meta name=\"robots\" content=\"index, follow, max-snippet:-1, max-image-preview:large, max-video-preview:-1\" \/>\n<link rel=\"canonical\" href=\"https:\/\/www.destilerias-sinc.com\/de\/producto\/serpis-classic-55-absinth\/\" \/>\n<meta property=\"og:locale\" content=\"de_DE\" \/>\n<meta property=\"og:type\" content=\"article\" \/>\n<meta property=\"og:title\" content=\"Serpis Classic 55 Absinth - Destiler\u00edas SINC\" \/>\n<meta property=\"og:description\" content=\"Serpis Classic 55\u00ba Absinth ist eine einzigartige Spirituose, die, wie der Name schon sagt, einen Alkoholgehalt von 55\u00ba aufweist. Sie wird nach einem alten Rezept hergestellt und ihre Hauptzutaten sind Wermut, Fenchel und Anis.\" \/>\n<meta property=\"og:url\" content=\"https:\/\/www.destilerias-sinc.com\/de\/producto\/serpis-classic-55-absinth\/\" \/>\n<meta property=\"og:site_name\" content=\"Destiler\u00edas SINC\" \/>\n<meta property=\"article:modified_time\" content=\"2026-03-04T15:53:01+00:00\" \/>\n<meta property=\"og:image\" content=\"https:\/\/www.destilerias-sinc.com\/wp-content\/uploads\/ABSENTA-SERPIS-55-1L.jpg\" \/>\n\t<meta property=\"og:image:width\" content=\"2000\" \/>\n\t<meta property=\"og:image:height\" content=\"2000\" \/>\n\t<meta property=\"og:image:type\" content=\"image\/jpeg\" \/>\n<meta name=\"twitter:card\" content=\"summary_large_image\" \/>\n<meta name=\"twitter:label1\" content=\"Gesch\u00e4tzte Lesezeit\" \/>\n\t<meta name=\"twitter:data1\" content=\"1\u00a0Minute\" \/>\n<script type=\"application\/ld+json\" class=\"yoast-schema-graph\">{\"@context\":\"https:\\\/\\\/schema.org\",\"@graph\":[{\"@type\":\"WebPage\",\"@id\":\"https:\\\/\\\/www.destilerias-sinc.com\\\/de\\\/producto\\\/serpis-classic-55-absinth\\\/\",\"url\":\"https:\\\/\\\/www.destilerias-sinc.com\\\/de\\\/producto\\\/serpis-classic-55-absinth\\\/\",\"name\":\"Serpis Classic 55 Absinth - Destiler\u00edas SINC\",\"isPartOf\":{\"@id\":\"https:\\\/\\\/www.destilerias-sinc.com\\\/de\\\/#website\"},\"primaryImageOfPage\":{\"@id\":\"https:\\\/\\\/www.destilerias-sinc.com\\\/de\\\/producto\\\/serpis-classic-55-absinth\\\/#primaryimage\"},\"image\":{\"@id\":\"https:\\\/\\\/www.destilerias-sinc.com\\\/de\\\/producto\\\/serpis-classic-55-absinth\\\/#primaryimage\"},\"thumbnailUrl\":\"https:\\\/\\\/www.destilerias-sinc.com\\\/wp-content\\\/uploads\\\/ABSENTA-SERPIS-55-1L.jpg\",\"datePublished\":\"2025-02-26T15:19:47+00:00\",\"dateModified\":\"2026-03-04T15:53:01+00:00\",\"breadcrumb\":{\"@id\":\"https:\\\/\\\/www.destilerias-sinc.com\\\/de\\\/producto\\\/serpis-classic-55-absinth\\\/#breadcrumb\"},\"inLanguage\":\"de\",\"potentialAction\":[{\"@type\":\"ReadAction\",\"target\":[\"https:\\\/\\\/www.destilerias-sinc.com\\\/de\\\/producto\\\/serpis-classic-55-absinth\\\/\"]}]},{\"@type\":\"ImageObject\",\"inLanguage\":\"de\",\"@id\":\"https:\\\/\\\/www.destilerias-sinc.com\\\/de\\\/producto\\\/serpis-classic-55-absinth\\\/#primaryimage\",\"url\":\"https:\\\/\\\/www.destilerias-sinc.com\\\/wp-content\\\/uploads\\\/ABSENTA-SERPIS-55-1L.jpg\",\"contentUrl\":\"https:\\\/\\\/www.destilerias-sinc.com\\\/wp-content\\\/uploads\\\/ABSENTA-SERPIS-55-1L.jpg\",\"width\":2000,\"height\":2000,\"caption\":\"Absenta Serpis 55 1L\"},{\"@type\":\"BreadcrumbList\",\"@id\":\"https:\\\/\\\/www.destilerias-sinc.com\\\/de\\\/producto\\\/serpis-classic-55-absinth\\\/#breadcrumb\",\"itemListElement\":[{\"@type\":\"ListItem\",\"position\":1,\"name\":\"Portada\",\"item\":\"https:\\\/\\\/www.destilerias-sinc.com\\\/de\\\/\"},{\"@type\":\"ListItem\",\"position\":2,\"name\":\"Shop\",\"item\":\"https:\\\/\\\/www.destilerias-sinc.com\\\/de\\\/shop\\\/\"},{\"@type\":\"ListItem\",\"position\":3,\"name\":\"Serpis Classic 55 Absinth\"}]},{\"@type\":\"WebSite\",\"@id\":\"https:\\\/\\\/www.destilerias-sinc.com\\\/de\\\/#website\",\"url\":\"https:\\\/\\\/www.destilerias-sinc.com\\\/de\\\/\",\"name\":\"Destiler\u00edas SINC\",\"description\":\"M\u00e1s que licores, construimos momentos\",\"publisher\":{\"@id\":\"https:\\\/\\\/www.destilerias-sinc.com\\\/de\\\/#organization\"},\"potentialAction\":[{\"@type\":\"SearchAction\",\"target\":{\"@type\":\"EntryPoint\",\"urlTemplate\":\"https:\\\/\\\/www.destilerias-sinc.com\\\/de\\\/?s={search_term_string}\"},\"query-input\":{\"@type\":\"PropertyValueSpecification\",\"valueRequired\":true,\"valueName\":\"search_term_string\"}}],\"inLanguage\":\"de\"},{\"@type\":\"Organization\",\"@id\":\"https:\\\/\\\/www.destilerias-sinc.com\\\/de\\\/#organization\",\"name\":\"Destiler\u00edas SINC\",\"url\":\"https:\\\/\\\/www.destilerias-sinc.com\\\/de\\\/\",\"logo\":{\"@type\":\"ImageObject\",\"inLanguage\":\"de\",\"@id\":\"https:\\\/\\\/www.destilerias-sinc.com\\\/de\\\/#\\\/schema\\\/logo\\\/image\\\/\",\"url\":\"https:\\\/\\\/www.destilerias-sinc.com\\\/wp-content\\\/uploads\\\/logo.svg\",\"contentUrl\":\"https:\\\/\\\/www.destilerias-sinc.com\\\/wp-content\\\/uploads\\\/logo.svg\",\"width\":254.85,\"height\":104.76,\"caption\":\"Destiler\u00edas SINC\"},\"image\":{\"@id\":\"https:\\\/\\\/www.destilerias-sinc.com\\\/de\\\/#\\\/schema\\\/logo\\\/image\\\/\"}}]}<\/script>\n<!-- \/ Yoast SEO plugin. -->","yoast_head_json":{"title":"Serpis Classic 55 Absinth - Destiler\u00edas SINC","robots":{"index":"index","follow":"follow","max-snippet":"max-snippet:-1","max-image-preview":"max-image-preview:large","max-video-preview":"max-video-preview:-1"},"canonical":"https:\/\/www.destilerias-sinc.com\/de\/producto\/serpis-classic-55-absinth\/","og_locale":"de_DE","og_type":"article","og_title":"Serpis Classic 55 Absinth - Destiler\u00edas SINC","og_description":"Serpis Classic 55\u00ba Absinth ist eine einzigartige Spirituose, die, wie der Name schon sagt, einen Alkoholgehalt von 55\u00ba aufweist. Sie wird nach einem alten Rezept hergestellt und ihre Hauptzutaten sind Wermut, Fenchel und Anis.","og_url":"https:\/\/www.destilerias-sinc.com\/de\/producto\/serpis-classic-55-absinth\/","og_site_name":"Destiler\u00edas SINC","article_modified_time":"2026-03-04T15:53:01+00:00","og_image":[{"width":2000,"height":2000,"url":"https:\/\/www.destilerias-sinc.com\/wp-content\/uploads\/ABSENTA-SERPIS-55-1L.jpg","type":"image\/jpeg"}],"twitter_card":"summary_large_image","twitter_misc":{"Gesch\u00e4tzte Lesezeit":"1\u00a0Minute"},"schema":{"@context":"https:\/\/schema.org","@graph":[{"@type":"WebPage","@id":"https:\/\/www.destilerias-sinc.com\/de\/producto\/serpis-classic-55-absinth\/","url":"https:\/\/www.destilerias-sinc.com\/de\/producto\/serpis-classic-55-absinth\/","name":"Serpis Classic 55 Absinth - Destiler\u00edas SINC","isPartOf":{"@id":"https:\/\/www.destilerias-sinc.com\/de\/#website"},"primaryImageOfPage":{"@id":"https:\/\/www.destilerias-sinc.com\/de\/producto\/serpis-classic-55-absinth\/#primaryimage"},"image":{"@id":"https:\/\/www.destilerias-sinc.com\/de\/producto\/serpis-classic-55-absinth\/#primaryimage"},"thumbnailUrl":"https:\/\/www.destilerias-sinc.com\/wp-content\/uploads\/ABSENTA-SERPIS-55-1L.jpg","datePublished":"2025-02-26T15:19:47+00:00","dateModified":"2026-03-04T15:53:01+00:00","breadcrumb":{"@id":"https:\/\/www.destilerias-sinc.com\/de\/producto\/serpis-classic-55-absinth\/#breadcrumb"},"inLanguage":"de","potentialAction":[{"@type":"ReadAction","target":["https:\/\/www.destilerias-sinc.com\/de\/producto\/serpis-classic-55-absinth\/"]}]},{"@type":"ImageObject","inLanguage":"de","@id":"https:\/\/www.destilerias-sinc.com\/de\/producto\/serpis-classic-55-absinth\/#primaryimage","url":"https:\/\/www.destilerias-sinc.com\/wp-content\/uploads\/ABSENTA-SERPIS-55-1L.jpg","contentUrl":"https:\/\/www.destilerias-sinc.com\/wp-content\/uploads\/ABSENTA-SERPIS-55-1L.jpg","width":2000,"height":2000,"caption":"Absenta Serpis 55 1L"},{"@type":"BreadcrumbList","@id":"https:\/\/www.destilerias-sinc.com\/de\/producto\/serpis-classic-55-absinth\/#breadcrumb","itemListElement":[{"@type":"ListItem","position":1,"name":"Portada","item":"https:\/\/www.destilerias-sinc.com\/de\/"},{"@type":"ListItem","position":2,"name":"Shop","item":"https:\/\/www.destilerias-sinc.com\/de\/shop\/"},{"@type":"ListItem","position":3,"name":"Serpis Classic 55 Absinth"}]},{"@type":"WebSite","@id":"https:\/\/www.destilerias-sinc.com\/de\/#website","url":"https:\/\/www.destilerias-sinc.com\/de\/","name":"Destiler\u00edas SINC","description":"M\u00e1s que licores, construimos momentos","publisher":{"@id":"https:\/\/www.destilerias-sinc.com\/de\/#organization"},"potentialAction":[{"@type":"SearchAction","target":{"@type":"EntryPoint","urlTemplate":"https:\/\/www.destilerias-sinc.com\/de\/?s={search_term_string}"},"query-input":{"@type":"PropertyValueSpecification","valueRequired":true,"valueName":"search_term_string"}}],"inLanguage":"de"},{"@type":"Organization","@id":"https:\/\/www.destilerias-sinc.com\/de\/#organization","name":"Destiler\u00edas SINC","url":"https:\/\/www.destilerias-sinc.com\/de\/","logo":{"@type":"ImageObject","inLanguage":"de","@id":"https:\/\/www.destilerias-sinc.com\/de\/#\/schema\/logo\/image\/","url":"https:\/\/www.destilerias-sinc.com\/wp-content\/uploads\/logo.svg","contentUrl":"https:\/\/www.destilerias-sinc.com\/wp-content\/uploads\/logo.svg","width":254.85,"height":104.76,"caption":"Destiler\u00edas SINC"},"image":{"@id":"https:\/\/www.destilerias-sinc.com\/de\/#\/schema\/logo\/image\/"}}]}},"_links":{"self":[{"href":"https:\/\/www.destilerias-sinc.com\/de\/wp-json\/wp\/v2\/product\/3332","targetHints":{"allow":["GET"]}}],"collection":[{"href":"https:\/\/www.destilerias-sinc.com\/de\/wp-json\/wp\/v2\/product"}],"about":[{"href":"https:\/\/www.destilerias-sinc.com\/de\/wp-json\/wp\/v2\/types\/product"}],"replies":[{"embeddable":true,"href":"https:\/\/www.destilerias-sinc.com\/de\/wp-json\/wp\/v2\/comments?post=3332"}],"wp:featuredmedia":[{"embeddable":true,"href":"https:\/\/www.destilerias-sinc.com\/de\/wp-json\/wp\/v2\/media\/1572"}],"wp:attachment":[{"href":"https:\/\/www.destilerias-sinc.com\/de\/wp-json\/wp\/v2\/media?parent=3332"}],"wp:term":[{"taxonomy":"product_brand","embeddable":true,"href":"https:\/\/www.destilerias-sinc.com\/de\/wp-json\/wp\/v2\/product_brand?post=3332"},{"taxonomy":"product_cat","embeddable":true,"href":"https:\/\/www.destilerias-sinc.com\/de\/wp-json\/wp\/v2\/product_cat?post=3332"},{"taxonomy":"product_tag","embeddable":true,"href":"https:\/\/www.destilerias-sinc.com\/de\/wp-json\/wp\/v2\/product_tag?post=3332"}],"curies":[{"name":"wp","href":"https:\/\/api.w.org\/{rel}","templated":true}]}}