{"id":3356,"date":"2025-02-26T16:19:38","date_gmt":"2025-02-26T15:19:38","guid":{"rendered":"https:\/\/www.destilerias-sinc.com\/producto\/cerol-gourmet-kaffee-aperitif\/"},"modified":"2025-02-26T16:19:38","modified_gmt":"2025-02-26T15:19:38","slug":"cerol-gourmet-kaffee-aperitif","status":"publish","type":"product","link":"https:\/\/www.destilerias-sinc.com\/de\/producto\/cerol-gourmet-kaffee-aperitif\/","title":{"rendered":"Cerol Gourmet Kaffee-Aperitif"},"content":{"rendered":"<h2>Der prestigetr\u00e4chtigste Kaffeeaperitif<\/h2>\n<p>Cerol Gourmet ist der exklusivste Kaffeelik\u00f6r-Aperitif der Welt. Er wird aus einer Auswahl der feinsten Gourmet-Kaffeesorten hergestellt, darunter Jamaika Blue Mountain und Papua-Neuguinea.<br \/>\nUnsere erfahrenen Kaffeemeister kreieren Cerol Gourmet mit viel Liebe zum Detail. Sie wenden traditionelle R\u00f6st- und Mazerationsmethoden an, um die Rohbohnen, die bei uns eintreffen, optimal zu verarbeiten. Zun\u00e4chst werden die besten Gourmet-Kaffees f\u00fcr die perfekte Mischung ausgew\u00e4hlt.<br \/>\nAnschlie\u00dfend werden die ger\u00f6steten Bohnen in speziell pr\u00e4parierten Tanks mit hochwertigem Alkohol mazeriert, um das Endprodukt zu erhalten und abzuf\u00fcllen.<br \/>\nVerkosten Sie diesen Cerol Kaffee-Aperitif und Sie werden begeistert sein. Selbst anspruchsvollste Gaumen genie\u00dfen ihn bereits, insbesondere Liebhaber exquisiter Kaffeespezialit\u00e4ten.<br \/>\nEmpfehlung: Cerol Gourmet schmeckt pur oder in verschiedenen Kombinationen. Hier einige Vorschl\u00e4ge:<br \/>&#8211; Plisplay Cerol Gourmet gemischt mit Cola, in einem R\u00f6hrenglas mit 40 % Cerol Gourmet Kaffeelik\u00f6r und 60 % Cola. Ideal als Aperitif oder als Getr\u00e4nk.<br \/>\n&#8211; Burret. Cerol Gourmet gemischt mit Cola und Eis, serviert in einem hohen Glas mit einigen Eisw\u00fcrfeln, 40 % Cerol Gourmet Kaffeelik\u00f6r und 60 % Cola. Ideal als Aperitif oder Cocktail.<br \/>\n&#8211; Mentira. Cerol Gourmet kombiniert mit Zitronengranita, 1\/3 Cerol Gourmet Kaffeelik\u00f6r und 2\/3 Zitronengranita. Das erfrischendste und k\u00f6stlichste Getr\u00e4nk.<br \/>\n&#8211; Cerol Gourmet gemischt mit Soda, 40 % Cerol Gourmet Kaffeelik\u00f6r und 60 % Soda. Ideal als Aperitif. <\/p>\n","protected":false},"excerpt":{"rendered":"<p>Cerol Gourmet ist der erlesenste Kaffeelik\u00f6r auf dem Markt. Er wird von unseren erfahrenen Kaffeemeistern aus einer Auswahl der besten Gourmet-Kaffeesorten der Welt nach traditioneller Handwerkskunst des R\u00f6stens und Mazerierens hergestellt.<\/p>\n","protected":false},"featured_media":3358,"comment_status":"closed","ping_status":"closed","template":"","meta":[],"product_brand":[],"product_cat":[228],"product_tag":[232],"class_list":{"0":"post-3356","1":"product","2":"type-product","3":"status-publish","4":"has-post-thumbnail","6":"product_cat-snacks-kaffee","7":"product_tag-premium","9":"first","10":"instock","11":"taxable","12":"shipping-taxable","13":"purchasable","14":"product-type-simple"},"yoast_head":"<!-- This site is optimized with the Yoast SEO plugin v27.3 - https:\/\/yoast.com\/product\/yoast-seo-wordpress\/ -->\n<title>Cerol Gourmet Kaffee-Aperitif - Destiler\u00edas SINC<\/title>\n<meta name=\"robots\" content=\"index, follow, max-snippet:-1, max-image-preview:large, max-video-preview:-1\" \/>\n<link rel=\"canonical\" href=\"https:\/\/www.destilerias-sinc.com\/de\/producto\/cerol-gourmet-kaffee-aperitif\/\" \/>\n<meta property=\"og:locale\" content=\"de_DE\" \/>\n<meta property=\"og:type\" content=\"article\" \/>\n<meta property=\"og:title\" content=\"Cerol Gourmet Kaffee-Aperitif - Destiler\u00edas SINC\" \/>\n<meta property=\"og:description\" content=\"Cerol Gourmet ist der erlesenste Kaffeelik\u00f6r auf dem Markt. Er wird von unseren erfahrenen Kaffeemeistern aus einer Auswahl der besten Gourmet-Kaffeesorten der Welt nach traditioneller Handwerkskunst des R\u00f6stens und Mazerierens hergestellt.\" \/>\n<meta property=\"og:url\" content=\"https:\/\/www.destilerias-sinc.com\/de\/producto\/cerol-gourmet-kaffee-aperitif\/\" \/>\n<meta property=\"og:site_name\" content=\"Destiler\u00edas SINC\" \/>\n<meta property=\"og:image\" content=\"https:\/\/www.destilerias-sinc.com\/wp-content\/uploads\/cerol-gourmet-2.jpg\" \/>\n\t<meta property=\"og:image:width\" content=\"900\" \/>\n\t<meta property=\"og:image:height\" content=\"900\" \/>\n\t<meta property=\"og:image:type\" content=\"image\/jpeg\" \/>\n<meta name=\"twitter:card\" content=\"summary_large_image\" \/>\n<meta name=\"twitter:label1\" content=\"Gesch\u00e4tzte Lesezeit\" \/>\n\t<meta name=\"twitter:data1\" content=\"1\u00a0Minute\" \/>\n<script type=\"application\/ld+json\" class=\"yoast-schema-graph\">{\"@context\":\"https:\\\/\\\/schema.org\",\"@graph\":[{\"@type\":\"WebPage\",\"@id\":\"https:\\\/\\\/www.destilerias-sinc.com\\\/de\\\/producto\\\/cerol-gourmet-kaffee-aperitif\\\/\",\"url\":\"https:\\\/\\\/www.destilerias-sinc.com\\\/de\\\/producto\\\/cerol-gourmet-kaffee-aperitif\\\/\",\"name\":\"Cerol Gourmet Kaffee-Aperitif - Destiler\u00edas SINC\",\"isPartOf\":{\"@id\":\"https:\\\/\\\/www.destilerias-sinc.com\\\/de\\\/#website\"},\"primaryImageOfPage\":{\"@id\":\"https:\\\/\\\/www.destilerias-sinc.com\\\/de\\\/producto\\\/cerol-gourmet-kaffee-aperitif\\\/#primaryimage\"},\"image\":{\"@id\":\"https:\\\/\\\/www.destilerias-sinc.com\\\/de\\\/producto\\\/cerol-gourmet-kaffee-aperitif\\\/#primaryimage\"},\"thumbnailUrl\":\"https:\\\/\\\/www.destilerias-sinc.com\\\/wp-content\\\/uploads\\\/cerol-gourmet-2.jpg\",\"datePublished\":\"2025-02-26T15:19:38+00:00\",\"breadcrumb\":{\"@id\":\"https:\\\/\\\/www.destilerias-sinc.com\\\/de\\\/producto\\\/cerol-gourmet-kaffee-aperitif\\\/#breadcrumb\"},\"inLanguage\":\"de\",\"potentialAction\":[{\"@type\":\"ReadAction\",\"target\":[\"https:\\\/\\\/www.destilerias-sinc.com\\\/de\\\/producto\\\/cerol-gourmet-kaffee-aperitif\\\/\"]}]},{\"@type\":\"ImageObject\",\"inLanguage\":\"de\",\"@id\":\"https:\\\/\\\/www.destilerias-sinc.com\\\/de\\\/producto\\\/cerol-gourmet-kaffee-aperitif\\\/#primaryimage\",\"url\":\"https:\\\/\\\/www.destilerias-sinc.com\\\/wp-content\\\/uploads\\\/cerol-gourmet-2.jpg\",\"contentUrl\":\"https:\\\/\\\/www.destilerias-sinc.com\\\/wp-content\\\/uploads\\\/cerol-gourmet-2.jpg\",\"width\":900,\"height\":900,\"caption\":\"Aperitivo de caf\u00e9 Cerol Gourmet\"},{\"@type\":\"BreadcrumbList\",\"@id\":\"https:\\\/\\\/www.destilerias-sinc.com\\\/de\\\/producto\\\/cerol-gourmet-kaffee-aperitif\\\/#breadcrumb\",\"itemListElement\":[{\"@type\":\"ListItem\",\"position\":1,\"name\":\"Portada\",\"item\":\"https:\\\/\\\/www.destilerias-sinc.com\\\/de\\\/\"},{\"@type\":\"ListItem\",\"position\":2,\"name\":\"Shop\",\"item\":\"https:\\\/\\\/www.destilerias-sinc.com\\\/de\\\/shop\\\/\"},{\"@type\":\"ListItem\",\"position\":3,\"name\":\"Cerol Gourmet Kaffee-Aperitif\"}]},{\"@type\":\"WebSite\",\"@id\":\"https:\\\/\\\/www.destilerias-sinc.com\\\/de\\\/#website\",\"url\":\"https:\\\/\\\/www.destilerias-sinc.com\\\/de\\\/\",\"name\":\"Destiler\u00edas SINC\",\"description\":\"M\u00e1s que licores, construimos momentos\",\"publisher\":{\"@id\":\"https:\\\/\\\/www.destilerias-sinc.com\\\/de\\\/#organization\"},\"potentialAction\":[{\"@type\":\"SearchAction\",\"target\":{\"@type\":\"EntryPoint\",\"urlTemplate\":\"https:\\\/\\\/www.destilerias-sinc.com\\\/de\\\/?s={search_term_string}\"},\"query-input\":{\"@type\":\"PropertyValueSpecification\",\"valueRequired\":true,\"valueName\":\"search_term_string\"}}],\"inLanguage\":\"de\"},{\"@type\":\"Organization\",\"@id\":\"https:\\\/\\\/www.destilerias-sinc.com\\\/de\\\/#organization\",\"name\":\"Destiler\u00edas SINC\",\"url\":\"https:\\\/\\\/www.destilerias-sinc.com\\\/de\\\/\",\"logo\":{\"@type\":\"ImageObject\",\"inLanguage\":\"de\",\"@id\":\"https:\\\/\\\/www.destilerias-sinc.com\\\/de\\\/#\\\/schema\\\/logo\\\/image\\\/\",\"url\":\"https:\\\/\\\/www.destilerias-sinc.com\\\/wp-content\\\/uploads\\\/logo.svg\",\"contentUrl\":\"https:\\\/\\\/www.destilerias-sinc.com\\\/wp-content\\\/uploads\\\/logo.svg\",\"width\":254.85,\"height\":104.76,\"caption\":\"Destiler\u00edas SINC\"},\"image\":{\"@id\":\"https:\\\/\\\/www.destilerias-sinc.com\\\/de\\\/#\\\/schema\\\/logo\\\/image\\\/\"}}]}<\/script>\n<!-- \/ Yoast SEO plugin. -->","yoast_head_json":{"title":"Cerol Gourmet Kaffee-Aperitif - Destiler\u00edas SINC","robots":{"index":"index","follow":"follow","max-snippet":"max-snippet:-1","max-image-preview":"max-image-preview:large","max-video-preview":"max-video-preview:-1"},"canonical":"https:\/\/www.destilerias-sinc.com\/de\/producto\/cerol-gourmet-kaffee-aperitif\/","og_locale":"de_DE","og_type":"article","og_title":"Cerol Gourmet Kaffee-Aperitif - Destiler\u00edas SINC","og_description":"Cerol Gourmet ist der erlesenste Kaffeelik\u00f6r auf dem Markt. Er wird von unseren erfahrenen Kaffeemeistern aus einer Auswahl der besten Gourmet-Kaffeesorten der Welt nach traditioneller Handwerkskunst des R\u00f6stens und Mazerierens hergestellt.","og_url":"https:\/\/www.destilerias-sinc.com\/de\/producto\/cerol-gourmet-kaffee-aperitif\/","og_site_name":"Destiler\u00edas SINC","og_image":[{"width":900,"height":900,"url":"https:\/\/www.destilerias-sinc.com\/wp-content\/uploads\/cerol-gourmet-2.jpg","type":"image\/jpeg"}],"twitter_card":"summary_large_image","twitter_misc":{"Gesch\u00e4tzte Lesezeit":"1\u00a0Minute"},"schema":{"@context":"https:\/\/schema.org","@graph":[{"@type":"WebPage","@id":"https:\/\/www.destilerias-sinc.com\/de\/producto\/cerol-gourmet-kaffee-aperitif\/","url":"https:\/\/www.destilerias-sinc.com\/de\/producto\/cerol-gourmet-kaffee-aperitif\/","name":"Cerol Gourmet Kaffee-Aperitif - Destiler\u00edas SINC","isPartOf":{"@id":"https:\/\/www.destilerias-sinc.com\/de\/#website"},"primaryImageOfPage":{"@id":"https:\/\/www.destilerias-sinc.com\/de\/producto\/cerol-gourmet-kaffee-aperitif\/#primaryimage"},"image":{"@id":"https:\/\/www.destilerias-sinc.com\/de\/producto\/cerol-gourmet-kaffee-aperitif\/#primaryimage"},"thumbnailUrl":"https:\/\/www.destilerias-sinc.com\/wp-content\/uploads\/cerol-gourmet-2.jpg","datePublished":"2025-02-26T15:19:38+00:00","breadcrumb":{"@id":"https:\/\/www.destilerias-sinc.com\/de\/producto\/cerol-gourmet-kaffee-aperitif\/#breadcrumb"},"inLanguage":"de","potentialAction":[{"@type":"ReadAction","target":["https:\/\/www.destilerias-sinc.com\/de\/producto\/cerol-gourmet-kaffee-aperitif\/"]}]},{"@type":"ImageObject","inLanguage":"de","@id":"https:\/\/www.destilerias-sinc.com\/de\/producto\/cerol-gourmet-kaffee-aperitif\/#primaryimage","url":"https:\/\/www.destilerias-sinc.com\/wp-content\/uploads\/cerol-gourmet-2.jpg","contentUrl":"https:\/\/www.destilerias-sinc.com\/wp-content\/uploads\/cerol-gourmet-2.jpg","width":900,"height":900,"caption":"Aperitivo de caf\u00e9 Cerol Gourmet"},{"@type":"BreadcrumbList","@id":"https:\/\/www.destilerias-sinc.com\/de\/producto\/cerol-gourmet-kaffee-aperitif\/#breadcrumb","itemListElement":[{"@type":"ListItem","position":1,"name":"Portada","item":"https:\/\/www.destilerias-sinc.com\/de\/"},{"@type":"ListItem","position":2,"name":"Shop","item":"https:\/\/www.destilerias-sinc.com\/de\/shop\/"},{"@type":"ListItem","position":3,"name":"Cerol Gourmet Kaffee-Aperitif"}]},{"@type":"WebSite","@id":"https:\/\/www.destilerias-sinc.com\/de\/#website","url":"https:\/\/www.destilerias-sinc.com\/de\/","name":"Destiler\u00edas SINC","description":"M\u00e1s que licores, construimos momentos","publisher":{"@id":"https:\/\/www.destilerias-sinc.com\/de\/#organization"},"potentialAction":[{"@type":"SearchAction","target":{"@type":"EntryPoint","urlTemplate":"https:\/\/www.destilerias-sinc.com\/de\/?s={search_term_string}"},"query-input":{"@type":"PropertyValueSpecification","valueRequired":true,"valueName":"search_term_string"}}],"inLanguage":"de"},{"@type":"Organization","@id":"https:\/\/www.destilerias-sinc.com\/de\/#organization","name":"Destiler\u00edas SINC","url":"https:\/\/www.destilerias-sinc.com\/de\/","logo":{"@type":"ImageObject","inLanguage":"de","@id":"https:\/\/www.destilerias-sinc.com\/de\/#\/schema\/logo\/image\/","url":"https:\/\/www.destilerias-sinc.com\/wp-content\/uploads\/logo.svg","contentUrl":"https:\/\/www.destilerias-sinc.com\/wp-content\/uploads\/logo.svg","width":254.85,"height":104.76,"caption":"Destiler\u00edas SINC"},"image":{"@id":"https:\/\/www.destilerias-sinc.com\/de\/#\/schema\/logo\/image\/"}}]}},"_links":{"self":[{"href":"https:\/\/www.destilerias-sinc.com\/de\/wp-json\/wp\/v2\/product\/3356","targetHints":{"allow":["GET"]}}],"collection":[{"href":"https:\/\/www.destilerias-sinc.com\/de\/wp-json\/wp\/v2\/product"}],"about":[{"href":"https:\/\/www.destilerias-sinc.com\/de\/wp-json\/wp\/v2\/types\/product"}],"replies":[{"embeddable":true,"href":"https:\/\/www.destilerias-sinc.com\/de\/wp-json\/wp\/v2\/comments?post=3356"}],"wp:featuredmedia":[{"embeddable":true,"href":"https:\/\/www.destilerias-sinc.com\/de\/wp-json\/wp\/v2\/media\/3358"}],"wp:attachment":[{"href":"https:\/\/www.destilerias-sinc.com\/de\/wp-json\/wp\/v2\/media?parent=3356"}],"wp:term":[{"taxonomy":"product_brand","embeddable":true,"href":"https:\/\/www.destilerias-sinc.com\/de\/wp-json\/wp\/v2\/product_brand?post=3356"},{"taxonomy":"product_cat","embeddable":true,"href":"https:\/\/www.destilerias-sinc.com\/de\/wp-json\/wp\/v2\/product_cat?post=3356"},{"taxonomy":"product_tag","embeddable":true,"href":"https:\/\/www.destilerias-sinc.com\/de\/wp-json\/wp\/v2\/product_tag?post=3356"}],"curies":[{"name":"wp","href":"https:\/\/api.w.org\/{rel}","templated":true}]}}