{"id":3371,"date":"2025-02-26T16:19:38","date_gmt":"2025-02-26T15:19:38","guid":{"rendered":"https:\/\/www.destilerias-sinc.com\/producto\/gin-gilkons\/"},"modified":"2026-03-09T15:57:45","modified_gmt":"2026-03-09T14:57:45","slug":"gin-gilkons","status":"publish","type":"product","link":"https:\/\/www.destilerias-sinc.com\/de\/producto\/gin-gilkons\/","title":{"rendered":"Gin Gilkon&#8217;s"},"content":{"rendered":"<h2>Traditioneller London Dry Gin<\/h2>\n<p>Gilkon&#8217;s Gin \u00fcbertrifft alle Erwartungen. Er wird nach traditioneller Art destilliert. Gilkon&#8217;s ist ein authentischer London Dry Gin mit reinem Wacholdergeschmack, ganz ohne k\u00fcnstliche Aromen oder Getreidebrand.<br \/>\nGin z\u00e4hlt zu den beliebtesten und begehrtesten Spirituosen und sein anhaltender Wert hat sich seit dem 16. Jahrhundert entwickelt. Wir versichern Ihnen, dass Ihnen keine andere Marke denselben Genuss wie Gilkon&#8217;s Gin bieten wird, wenn Sie ein Liebhaber des traditionellen, klassischen London Dry Gin sind. Probieren Sie ihn unbedingt, falls Sie es noch nicht getan haben. Sie werden garantiert nicht entt\u00e4uscht sein.<br \/>\nVerkostungsnotizen: Gilkon&#8217;s besticht durch den ausgewogenen Geschmack eines authentischen, traditionellen London Dry Gin. In der Nase zeigt er sich leicht balsamisch und hebt die charakteristische Note des einheimischen Wacholders aus der Sierra de Mariola sowie das Aroma reifer Zitrusfr\u00fcchte hervor. Am Gaumen pr\u00e4sentiert er sich klar, leicht und trocken mit Wacholder, Zitrusfr\u00fcchten und einem Hauch Koriander.<br \/>\nEmpfehlung: Gilkon&#8217;s Gin ist ein trockener Gin, den Sie ganz nach Ihrem Geschmack genie\u00dfen k\u00f6nnen. Pur oder auf Eis, wodurch sich sein Aroma noch verst\u00e4rkt, ist er ein Genuss. Alternativ k\u00f6nnen Sie ihn auch mit anderen Getr\u00e4nken mischen und so den Geschmack je nach Anlass oder Tagesform variieren.<br \/>\nBei Licores Sinc empfehlen wir Ihnen einige der beliebtesten Gin-Cocktails. Sie k\u00f6nnen ihn mit Soda, Orangenlimonade, frischem Zitronensaft, Limettenspalten, Traubenmost oder Granatapfel- oder Kirschsaft mischen. Wenn Sie es klassisch m\u00f6gen, kombinieren Sie Gilkon&#8217;s mit einer besonderen Limonade. Einem guten Gin Tonic kann niemand widerstehen. F\u00fcr einen perfekten Gin Tonic empfehlen wir 5 cl Gilkon&#8217;s Gin und 20 cl Tonic Water.<\/p>\n","protected":false},"excerpt":{"rendered":"<p>Gilkon&#8217;s Gin wird nach dem alten Herstellungsverfahren destilliert und zeichnet sich durch seinen reinen Wacholdergeschmack ohne Zusatz von aromatischen Duftstoffen oder Aromen aus Getreidealkohol aus.<\/p>\n","protected":false},"featured_media":3372,"comment_status":"closed","ping_status":"open","template":"","meta":[],"product_brand":[],"product_cat":[242],"product_tag":[],"class_list":{"0":"post-3371","1":"product","2":"type-product","3":"status-publish","4":"has-post-thumbnail","6":"product_cat-gin","8":"first","9":"instock","10":"taxable","11":"shipping-taxable","12":"purchasable","13":"product-type-simple"},"yoast_head":"<!-- This site is optimized with the Yoast SEO plugin v27.3 - https:\/\/yoast.com\/product\/yoast-seo-wordpress\/ -->\n<title>Unser Gin Gilkon&#039;s - Destiler\u00edas SINC<\/title>\n<meta name=\"robots\" content=\"index, follow, max-snippet:-1, max-image-preview:large, max-video-preview:-1\" \/>\n<link rel=\"canonical\" href=\"https:\/\/www.destilerias-sinc.com\/de\/producto\/gin-gilkons\/\" \/>\n<meta property=\"og:locale\" content=\"de_DE\" \/>\n<meta property=\"og:type\" content=\"article\" \/>\n<meta property=\"og:title\" content=\"Unser Gin Gilkon&#039;s - Destiler\u00edas SINC\" \/>\n<meta property=\"og:description\" content=\"Gilkon&#039;s Gin wird nach dem alten Herstellungsverfahren destilliert und zeichnet sich durch seinen reinen Wacholdergeschmack ohne Zusatz von aromatischen Duftstoffen oder Aromen aus Getreidealkohol aus.\" \/>\n<meta property=\"og:url\" content=\"https:\/\/www.destilerias-sinc.com\/de\/producto\/gin-gilkons\/\" \/>\n<meta property=\"og:site_name\" content=\"Destiler\u00edas SINC\" \/>\n<meta property=\"article:modified_time\" content=\"2026-03-09T14:57:45+00:00\" \/>\n<meta property=\"og:image\" content=\"https:\/\/www.destilerias-sinc.com\/wp-content\/uploads\/gilkons.jpg\" \/>\n\t<meta property=\"og:image:width\" content=\"2000\" \/>\n\t<meta property=\"og:image:height\" content=\"2000\" \/>\n\t<meta property=\"og:image:type\" content=\"image\/jpeg\" \/>\n<meta name=\"twitter:card\" content=\"summary_large_image\" \/>\n<meta name=\"twitter:label1\" content=\"Gesch\u00e4tzte Lesezeit\" \/>\n\t<meta name=\"twitter:data1\" content=\"2\u00a0Minuten\" \/>\n<script type=\"application\/ld+json\" class=\"yoast-schema-graph\">{\"@context\":\"https:\\\/\\\/schema.org\",\"@graph\":[{\"@type\":\"WebPage\",\"@id\":\"https:\\\/\\\/www.destilerias-sinc.com\\\/de\\\/producto\\\/gin-gilkons\\\/\",\"url\":\"https:\\\/\\\/www.destilerias-sinc.com\\\/de\\\/producto\\\/gin-gilkons\\\/\",\"name\":\"Unser Gin Gilkon's - Destiler\u00edas SINC\",\"isPartOf\":{\"@id\":\"https:\\\/\\\/www.destilerias-sinc.com\\\/de\\\/#website\"},\"primaryImageOfPage\":{\"@id\":\"https:\\\/\\\/www.destilerias-sinc.com\\\/de\\\/producto\\\/gin-gilkons\\\/#primaryimage\"},\"image\":{\"@id\":\"https:\\\/\\\/www.destilerias-sinc.com\\\/de\\\/producto\\\/gin-gilkons\\\/#primaryimage\"},\"thumbnailUrl\":\"https:\\\/\\\/www.destilerias-sinc.com\\\/wp-content\\\/uploads\\\/gilkons.jpg\",\"datePublished\":\"2025-02-26T15:19:38+00:00\",\"dateModified\":\"2026-03-09T14:57:45+00:00\",\"breadcrumb\":{\"@id\":\"https:\\\/\\\/www.destilerias-sinc.com\\\/de\\\/producto\\\/gin-gilkons\\\/#breadcrumb\"},\"inLanguage\":\"de\",\"potentialAction\":[{\"@type\":\"ReadAction\",\"target\":[\"https:\\\/\\\/www.destilerias-sinc.com\\\/de\\\/producto\\\/gin-gilkons\\\/\"]}]},{\"@type\":\"ImageObject\",\"inLanguage\":\"de\",\"@id\":\"https:\\\/\\\/www.destilerias-sinc.com\\\/de\\\/producto\\\/gin-gilkons\\\/#primaryimage\",\"url\":\"https:\\\/\\\/www.destilerias-sinc.com\\\/wp-content\\\/uploads\\\/gilkons.jpg\",\"contentUrl\":\"https:\\\/\\\/www.destilerias-sinc.com\\\/wp-content\\\/uploads\\\/gilkons.jpg\",\"width\":2000,\"height\":2000,\"caption\":\"Gin Gilkons\"},{\"@type\":\"BreadcrumbList\",\"@id\":\"https:\\\/\\\/www.destilerias-sinc.com\\\/de\\\/producto\\\/gin-gilkons\\\/#breadcrumb\",\"itemListElement\":[{\"@type\":\"ListItem\",\"position\":1,\"name\":\"Portada\",\"item\":\"https:\\\/\\\/www.destilerias-sinc.com\\\/de\\\/\"},{\"@type\":\"ListItem\",\"position\":2,\"name\":\"Shop\",\"item\":\"https:\\\/\\\/www.destilerias-sinc.com\\\/de\\\/shop\\\/\"},{\"@type\":\"ListItem\",\"position\":3,\"name\":\"Gin Gilkon&#8217;s\"}]},{\"@type\":\"WebSite\",\"@id\":\"https:\\\/\\\/www.destilerias-sinc.com\\\/de\\\/#website\",\"url\":\"https:\\\/\\\/www.destilerias-sinc.com\\\/de\\\/\",\"name\":\"Destiler\u00edas SINC\",\"description\":\"M\u00e1s que licores, construimos momentos\",\"publisher\":{\"@id\":\"https:\\\/\\\/www.destilerias-sinc.com\\\/de\\\/#organization\"},\"potentialAction\":[{\"@type\":\"SearchAction\",\"target\":{\"@type\":\"EntryPoint\",\"urlTemplate\":\"https:\\\/\\\/www.destilerias-sinc.com\\\/de\\\/?s={search_term_string}\"},\"query-input\":{\"@type\":\"PropertyValueSpecification\",\"valueRequired\":true,\"valueName\":\"search_term_string\"}}],\"inLanguage\":\"de\"},{\"@type\":\"Organization\",\"@id\":\"https:\\\/\\\/www.destilerias-sinc.com\\\/de\\\/#organization\",\"name\":\"Destiler\u00edas SINC\",\"url\":\"https:\\\/\\\/www.destilerias-sinc.com\\\/de\\\/\",\"logo\":{\"@type\":\"ImageObject\",\"inLanguage\":\"de\",\"@id\":\"https:\\\/\\\/www.destilerias-sinc.com\\\/de\\\/#\\\/schema\\\/logo\\\/image\\\/\",\"url\":\"https:\\\/\\\/www.destilerias-sinc.com\\\/wp-content\\\/uploads\\\/logo.svg\",\"contentUrl\":\"https:\\\/\\\/www.destilerias-sinc.com\\\/wp-content\\\/uploads\\\/logo.svg\",\"width\":254.85,\"height\":104.76,\"caption\":\"Destiler\u00edas SINC\"},\"image\":{\"@id\":\"https:\\\/\\\/www.destilerias-sinc.com\\\/de\\\/#\\\/schema\\\/logo\\\/image\\\/\"}}]}<\/script>\n<!-- \/ Yoast SEO plugin. -->","yoast_head_json":{"title":"Unser Gin Gilkon's - Destiler\u00edas SINC","robots":{"index":"index","follow":"follow","max-snippet":"max-snippet:-1","max-image-preview":"max-image-preview:large","max-video-preview":"max-video-preview:-1"},"canonical":"https:\/\/www.destilerias-sinc.com\/de\/producto\/gin-gilkons\/","og_locale":"de_DE","og_type":"article","og_title":"Unser Gin Gilkon's - Destiler\u00edas SINC","og_description":"Gilkon's Gin wird nach dem alten Herstellungsverfahren destilliert und zeichnet sich durch seinen reinen Wacholdergeschmack ohne Zusatz von aromatischen Duftstoffen oder Aromen aus Getreidealkohol aus.","og_url":"https:\/\/www.destilerias-sinc.com\/de\/producto\/gin-gilkons\/","og_site_name":"Destiler\u00edas SINC","article_modified_time":"2026-03-09T14:57:45+00:00","og_image":[{"width":2000,"height":2000,"url":"https:\/\/www.destilerias-sinc.com\/wp-content\/uploads\/gilkons.jpg","type":"image\/jpeg"}],"twitter_card":"summary_large_image","twitter_misc":{"Gesch\u00e4tzte Lesezeit":"2\u00a0Minuten"},"schema":{"@context":"https:\/\/schema.org","@graph":[{"@type":"WebPage","@id":"https:\/\/www.destilerias-sinc.com\/de\/producto\/gin-gilkons\/","url":"https:\/\/www.destilerias-sinc.com\/de\/producto\/gin-gilkons\/","name":"Unser Gin Gilkon's - Destiler\u00edas SINC","isPartOf":{"@id":"https:\/\/www.destilerias-sinc.com\/de\/#website"},"primaryImageOfPage":{"@id":"https:\/\/www.destilerias-sinc.com\/de\/producto\/gin-gilkons\/#primaryimage"},"image":{"@id":"https:\/\/www.destilerias-sinc.com\/de\/producto\/gin-gilkons\/#primaryimage"},"thumbnailUrl":"https:\/\/www.destilerias-sinc.com\/wp-content\/uploads\/gilkons.jpg","datePublished":"2025-02-26T15:19:38+00:00","dateModified":"2026-03-09T14:57:45+00:00","breadcrumb":{"@id":"https:\/\/www.destilerias-sinc.com\/de\/producto\/gin-gilkons\/#breadcrumb"},"inLanguage":"de","potentialAction":[{"@type":"ReadAction","target":["https:\/\/www.destilerias-sinc.com\/de\/producto\/gin-gilkons\/"]}]},{"@type":"ImageObject","inLanguage":"de","@id":"https:\/\/www.destilerias-sinc.com\/de\/producto\/gin-gilkons\/#primaryimage","url":"https:\/\/www.destilerias-sinc.com\/wp-content\/uploads\/gilkons.jpg","contentUrl":"https:\/\/www.destilerias-sinc.com\/wp-content\/uploads\/gilkons.jpg","width":2000,"height":2000,"caption":"Gin Gilkons"},{"@type":"BreadcrumbList","@id":"https:\/\/www.destilerias-sinc.com\/de\/producto\/gin-gilkons\/#breadcrumb","itemListElement":[{"@type":"ListItem","position":1,"name":"Portada","item":"https:\/\/www.destilerias-sinc.com\/de\/"},{"@type":"ListItem","position":2,"name":"Shop","item":"https:\/\/www.destilerias-sinc.com\/de\/shop\/"},{"@type":"ListItem","position":3,"name":"Gin Gilkon&#8217;s"}]},{"@type":"WebSite","@id":"https:\/\/www.destilerias-sinc.com\/de\/#website","url":"https:\/\/www.destilerias-sinc.com\/de\/","name":"Destiler\u00edas SINC","description":"M\u00e1s que licores, construimos momentos","publisher":{"@id":"https:\/\/www.destilerias-sinc.com\/de\/#organization"},"potentialAction":[{"@type":"SearchAction","target":{"@type":"EntryPoint","urlTemplate":"https:\/\/www.destilerias-sinc.com\/de\/?s={search_term_string}"},"query-input":{"@type":"PropertyValueSpecification","valueRequired":true,"valueName":"search_term_string"}}],"inLanguage":"de"},{"@type":"Organization","@id":"https:\/\/www.destilerias-sinc.com\/de\/#organization","name":"Destiler\u00edas SINC","url":"https:\/\/www.destilerias-sinc.com\/de\/","logo":{"@type":"ImageObject","inLanguage":"de","@id":"https:\/\/www.destilerias-sinc.com\/de\/#\/schema\/logo\/image\/","url":"https:\/\/www.destilerias-sinc.com\/wp-content\/uploads\/logo.svg","contentUrl":"https:\/\/www.destilerias-sinc.com\/wp-content\/uploads\/logo.svg","width":254.85,"height":104.76,"caption":"Destiler\u00edas SINC"},"image":{"@id":"https:\/\/www.destilerias-sinc.com\/de\/#\/schema\/logo\/image\/"}}]}},"_links":{"self":[{"href":"https:\/\/www.destilerias-sinc.com\/de\/wp-json\/wp\/v2\/product\/3371","targetHints":{"allow":["GET"]}}],"collection":[{"href":"https:\/\/www.destilerias-sinc.com\/de\/wp-json\/wp\/v2\/product"}],"about":[{"href":"https:\/\/www.destilerias-sinc.com\/de\/wp-json\/wp\/v2\/types\/product"}],"replies":[{"embeddable":true,"href":"https:\/\/www.destilerias-sinc.com\/de\/wp-json\/wp\/v2\/comments?post=3371"}],"wp:featuredmedia":[{"embeddable":true,"href":"https:\/\/www.destilerias-sinc.com\/de\/wp-json\/wp\/v2\/media\/3372"}],"wp:attachment":[{"href":"https:\/\/www.destilerias-sinc.com\/de\/wp-json\/wp\/v2\/media?parent=3371"}],"wp:term":[{"taxonomy":"product_brand","embeddable":true,"href":"https:\/\/www.destilerias-sinc.com\/de\/wp-json\/wp\/v2\/product_brand?post=3371"},{"taxonomy":"product_cat","embeddable":true,"href":"https:\/\/www.destilerias-sinc.com\/de\/wp-json\/wp\/v2\/product_cat?post=3371"},{"taxonomy":"product_tag","embeddable":true,"href":"https:\/\/www.destilerias-sinc.com\/de\/wp-json\/wp\/v2\/product_tag?post=3371"}],"curies":[{"name":"wp","href":"https:\/\/api.w.org\/{rel}","templated":true}]}}